{"id":761,"date":"2025-04-30T14:29:13","date_gmt":"2025-04-30T12:29:13","guid":{"rendered":"https:\/\/matholding.com\/que-fem\/matwaterdivision\/"},"modified":"2025-05-23T09:12:30","modified_gmt":"2025-05-23T07:12:30","slug":"matwaterdivision","status":"publish","type":"page","link":"https:\/\/matholding.com\/ca\/que-fem\/matwaterdivision\/","title":{"rendered":"MatWater Division"},"content":{"rendered":"<div class=\"container-fluid py-40 md:py-80 space-y-32 md:space-y-64\">\n  <div class=\"grid-standard \">\n    <div class=\"col-span-full md:col-span-8 lg:col-span-6 space-y-16\">\n              <h2 class=\"text-2xl md:text-3xl\">Solucions per a cada repte h\u00eddric<\/h2>\n                    <div class=\"text-lg rich-text\"><p>Tres empreses especialitzades que, juntes, cobreixen tot el cicle de l\u2019aigua: des de la captaci\u00f3, el tractament, la conducci\u00f3 i el control.<br \/>\nSolucions adaptades a entorns agr\u00edcoles, industrials i municipals, amb tecnologia pr\u00f2pia, efici\u00e8ncia garantida i abast internacional.<\/p>\n<\/div>\n          <\/div>\n  <\/div>\n      <div\n      class=\"grid grid-cols-1  lg:grid-cols-3  gap-16 md:gap-24\">\n                        <div class=\"rounded-xs overflow-hidden group bg-cover bg-center text-white-100 relative\"\n            style=\"background-image: url(https:\/\/matholding.com\/app\/uploads\/2025\/05\/aquestia2.jpg)\">\n            <img decoding=\"async\" src=\"https:\/\/matholding.com\/app\/themes\/matholding\/public\/build\/assets\/overlay-card-B1Z9TXSQ.svg\" alt=\"Overlay\"\n              class=\"absolute w-full h-full top-0 left-0 z-0 object-cover object-center\">\n            <div\n              class=\"absolute inset-0 opacity-100 md:opacity-0 md:group-hover:opacity-100 transition-opacity duration-300 bg-(--corporate-group-hover)\/50 z-3 backdrop-blur-sm\"\n              style=\"--corporate-group-hover: #183054;\">\n            <\/div>\n            <div class=\"relative z-10 flex flex-col justify-between gap-16 md:gap-24 min-h-450 p-24 h-full\">\n              <div class=\"space-y-4\">\n                                  <div class=\"text-base\">Aquestia by MatHolding<\/div>\n                                                  <h3 class=\"text-4xl md:text-5xl lg:text-6xl font-serif\">Control de flux<\/h3>\n                              <\/div>\n              <div class=\"space-y-16 md:space-y-24\">\n                                  <div class=\"overflow-hidden\">\n                    <div\n                      class=\"rich-text !text-base md:!text-lg md:translate-y-full md:group-hover:translate-y-0 transition-transform duration-300\">\n                      <p>Aquestia \u00e9s l\u00edder global en v\u00e0lvules hidr\u00e0uliques per al control, monitoratge i gesti\u00f3 integral de sistemes de conducci\u00f3 de l\u00edquids en entorns agr\u00edcoles i industrials. Opera amb plantes de producci\u00f3 a Israel, els Estats Units i l\u2019\u00cdndia, i compta amb filials en m\u00e9s de 10 pa\u00efsos a Europa, Am\u00e8rica i \u00c0sia.<br \/>\nLa marca neix el 2022 de la integraci\u00f3 de Dorot, ARI i OCV, tres referents del sector pr\u00e8viament adquirits per MatHolding i que avui combinen la seva experi\u00e8ncia sota una \u00fanica proposta global.<\/p>\n\n                    <\/div>\n                  <\/div>\n                                                  <div class=\"flex flex-wrap gap-8\">\n      <div\n  class=\" rounded-full py-4 px-8 text-sm text-white-100 bg-opacities-clear\/20 border border-opacities-clear\/40 backdrop-blur-xs\">\n  Israel\n<\/div>\n      <div\n  class=\" rounded-full py-4 px-8 text-sm text-white-100 bg-opacities-clear\/20 border border-opacities-clear\/40 backdrop-blur-xs\">\n  EUA\n<\/div>\n      <div\n  class=\" rounded-full py-4 px-8 text-sm text-white-100 bg-opacities-clear\/20 border border-opacities-clear\/40 backdrop-blur-xs\">\n  \u00cdndia\n<\/div>\n      <div\n  class=\" rounded-full py-4 px-8 text-sm text-white-100 bg-opacities-clear\/20 border border-opacities-clear\/40 backdrop-blur-xs\">\n  +10 filials\n<\/div>\n  <\/div>\n                                                  <a href=\"https:\/\/www.aquestia.com\" target=\"_blank\"\n    class=\"link link-secondary link-with-icon link-mobile-underline\">\n          <span>Visitar web Aquestia<\/span>\n      <svg class=\"size-24\" width=\"24\" height=\"25\" viewBox=\"0 0 24 25\" fill=\"none\" xmlns=\"http:\/\/www.w3.org\/2000\/svg\">\n  <path d=\"M6.4 18.2285L5 16.8285L14.6 7.22852H6V5.22852H18V17.2285H16V8.62852L6.4 18.2285Z\" fill=\"currentColor\" \/>\n<\/svg>      <\/a>\n                              <\/div>\n            <\/div>\n          <\/div>\n                                <div class=\"rounded-xs overflow-hidden group bg-cover bg-center text-white-100 relative\"\n            style=\"background-image: url(https:\/\/matholding.com\/app\/uploads\/2025\/05\/SFT-1024x683.jpg)\">\n            <img decoding=\"async\" src=\"https:\/\/matholding.com\/app\/themes\/matholding\/public\/build\/assets\/overlay-card-B1Z9TXSQ.svg\" alt=\"Overlay\"\n              class=\"absolute w-full h-full top-0 left-0 z-0 object-cover object-center\">\n            <div\n              class=\"absolute inset-0 opacity-100 md:opacity-0 md:group-hover:opacity-100 transition-opacity duration-300 bg-(--corporate-group-hover)\/50 z-3 backdrop-blur-sm\"\n              style=\"--corporate-group-hover: #183054;\">\n            <\/div>\n            <div class=\"relative z-10 flex flex-col justify-between gap-16 md:gap-24 min-h-450 p-24 h-full\">\n              <div class=\"space-y-4\">\n                                  <div class=\"text-base\">STF by MatHolding<\/div>\n                                                  <h3 class=\"text-4xl md:text-5xl lg:text-6xl font-serif\">Filtraci\u00f3 intel\u00b7ligent<\/h3>\n                              <\/div>\n              <div class=\"space-y-16 md:space-y-24\">\n                                  <div class=\"overflow-hidden\">\n                    <div\n                      class=\"rich-text !text-base md:!text-lg md:translate-y-full md:group-hover:translate-y-0 transition-transform duration-300\">\n                      <p>STF \u00e9s un referent mundial en filtraci\u00f3 i tractament d\u2019aigua per als sectors agr\u00edcola, industrial i municipal. Especialista en el disseny i fabricaci\u00f3 de sistemes de filtraci\u00f3 i solucions metal\u00b7l\u00fargiques per a infraestructures hidr\u00e0uliques, forma part de MatHolding des del 2017.<\/p>\n<p>Amb plantes de producci\u00f3 a Espanya, la Xina, els Estats Units i Israel, STF va ampliar la seva capacitat global el 2024 amb la incorporaci\u00f3 dels actius de Yamit Filtration and Water Treatment i SI Irrigation System.<\/p>\n\n                    <\/div>\n                  <\/div>\n                                                  <div class=\"flex flex-wrap gap-8\">\n      <div\n  class=\" rounded-full py-4 px-8 text-sm text-white-100 bg-opacities-clear\/20 border border-opacities-clear\/40 backdrop-blur-xs\">\n  Espanya\n<\/div>\n      <div\n  class=\" rounded-full py-4 px-8 text-sm text-white-100 bg-opacities-clear\/20 border border-opacities-clear\/40 backdrop-blur-xs\">\n  Xina\n<\/div>\n      <div\n  class=\" rounded-full py-4 px-8 text-sm text-white-100 bg-opacities-clear\/20 border border-opacities-clear\/40 backdrop-blur-xs\">\n  EUA\n<\/div>\n      <div\n  class=\" rounded-full py-4 px-8 text-sm text-white-100 bg-opacities-clear\/20 border border-opacities-clear\/40 backdrop-blur-xs\">\n  Israel\n<\/div>\n  <\/div>\n                                                  <a href=\"https:\/\/www.stf-filters.com\" target=\"_blank\"\n    class=\"link link-secondary link-with-icon link-mobile-underline\">\n          <span>Visitar web STF<\/span>\n      <svg class=\"size-24\" width=\"24\" height=\"25\" viewBox=\"0 0 24 25\" fill=\"none\" xmlns=\"http:\/\/www.w3.org\/2000\/svg\">\n  <path d=\"M6.4 18.2285L5 16.8285L14.6 7.22852H6V5.22852H18V17.2285H16V8.62852L6.4 18.2285Z\" fill=\"currentColor\" \/>\n<\/svg>      <\/a>\n                              <\/div>\n            <\/div>\n          <\/div>\n                                <div class=\"rounded-xs overflow-hidden group bg-cover bg-center text-white-100 relative\"\n            style=\"background-image: url(https:\/\/matholding.com\/app\/uploads\/2025\/05\/hidroglobal-1024x682.jpg)\">\n            <img decoding=\"async\" src=\"https:\/\/matholding.com\/app\/themes\/matholding\/public\/build\/assets\/overlay-card-B1Z9TXSQ.svg\" alt=\"Overlay\"\n              class=\"absolute w-full h-full top-0 left-0 z-0 object-cover object-center\">\n            <div\n              class=\"absolute inset-0 opacity-100 md:opacity-0 md:group-hover:opacity-100 transition-opacity duration-300 bg-(--corporate-group-hover)\/50 z-3 backdrop-blur-sm\"\n              style=\"--corporate-group-hover: #183054;\">\n            <\/div>\n            <div class=\"relative z-10 flex flex-col justify-between gap-16 md:gap-24 min-h-450 p-24 h-full\">\n              <div class=\"space-y-4\">\n                                  <div class=\"text-base\">Hidroglobal by MatHolding<\/div>\n                                                  <h3 class=\"text-4xl md:text-5xl lg:text-6xl font-serif\">Solucions h\u00eddriques<\/h3>\n                              <\/div>\n              <div class=\"space-y-16 md:space-y-24\">\n                                  <div class=\"overflow-hidden\">\n                    <div\n                      class=\"rich-text !text-base md:!text-lg md:translate-y-full md:group-hover:translate-y-0 transition-transform duration-300\">\n                      <p>Hidroglobal est\u00e0 especialitzada en solucions per a la gesti\u00f3 integral del cicle de l\u2019aigua, amb focus en entorns urbans i industrials.<br \/>\nLa seva activitat abasta des de la captaci\u00f3, conducci\u00f3 i tractament fins a la devoluci\u00f3 o reutilitzaci\u00f3 del recurs, millorant l\u2019efici\u00e8ncia h\u00eddrica al llarg de tota la infraestructura.<\/p>\n<p>Actualment compta amb pres\u00e8ncia internacional i una filial a l\u2019\u00cdndia.<\/p>\n\n                    <\/div>\n                  <\/div>\n                                                  <div class=\"flex flex-wrap gap-8\">\n      <div\n  class=\" rounded-full py-4 px-8 text-sm text-white-100 bg-opacities-clear\/20 border border-opacities-clear\/40 backdrop-blur-xs\">\n  \u00cdndia\n<\/div>\n  <\/div>\n                                                  <a href=\"https:\/\/www.hidroglobal.com\" target=\"_blank\"\n    class=\"link link-secondary link-with-icon link-mobile-underline\">\n          <span>Visitar web Hidroglobal<\/span>\n      <svg class=\"size-24\" width=\"24\" height=\"25\" viewBox=\"0 0 24 25\" fill=\"none\" xmlns=\"http:\/\/www.w3.org\/2000\/svg\">\n  <path d=\"M6.4 18.2285L5 16.8285L14.6 7.22852H6V5.22852H18V17.2285H16V8.62852L6.4 18.2285Z\" fill=\"currentColor\" \/>\n<\/svg>      <\/a>\n                              <\/div>\n            <\/div>\n          <\/div>\n                  <\/div>\n  <\/div>\n\n\n<div class=\"container-fluid py-40 md:py-80 space-y-16 md:space-y-32\">\n          <div class=\"grid-standard\">\n        <h2 class=\"col-span-full md:col-span-6 lg:col-span-4 text-2xl md:text-3xl\">Tecnologia per a la gesti\u00f3 eficient dels recursos h\u00eddrics<\/h2>\n      <\/div>\n        <div class=\"grid-standard gap-y-16\">\n              <div\n          class=\"col-span-full md:col-span-6 rich-text  add-first-heading-top-margin \">\n          <p>L\u2019aigua \u00e9s un dels actius m\u00e9s escassos i amena\u00e7ats del planeta. \u00c9s essencial per a l\u2019activitat agr\u00edcola, industrial i urbana, i per a milions de persones que no tenen acc\u00e9s a aigua potable. A m\u00e9s, el 80% de les aig\u00fces residuals es vessen al medi sense ser tractades ni reutilitzades.<\/p>\n<p>Des de MatHolding, contribu\u00efm a una gesti\u00f3 m\u00e9s eficient i sostenible de l\u2019aigua mitjan\u00e7ant tecnologies pr\u00f2pies i solucions integrades que redueixen p\u00e8rdues, optimitzen el consum energ\u00e8tic i permeten la seva reutilitzaci\u00f3, garantint-ne la disponibilitat per a les properes generacions.<\/p>\n\n        <\/div>\n                <\/div>\n  <\/div>\n\n\n<div class=\"py-40 md:py-80 bg-white-100 space-y-48 md:space-y-32\">\n    <div class=\"container-fluid flex max-md:flex-col gap-y-16 gap-x-24 md:justify-between\">\n              <h2 class=\"text-2xl md:text-3xl\">Actualitat<\/h2>\n            <a href=\"https:\/\/matholding.com\/ca\/actualitat\/\" target=\"_self\"\n    class=\"link link-primary link-with-icon link-mobile-underline !h-fit\">\n          <span>Veure-ho tot<\/span>\n      <svg class=\"size-24\" width=\"24\" height=\"25\" viewBox=\"0 0 24 25\" fill=\"none\" xmlns=\"http:\/\/www.w3.org\/2000\/svg\">\n  <path\n    d=\"M21.2855 13.0992L14.6855 19.6992L13.3419 18.3792L17.679 14.0421H10.914V12.1564H17.679L13.3655 7.81922L14.6855 6.49922L21.2855 13.0992ZM9.02833 14.0421H6.19976V12.1564H9.02833V14.0421ZM4.31404 14.0421H2.42833V12.1564H4.31404V14.0421Z\"\n    fill=\"currentColor\" \/>\n<\/svg>      <\/a>\n    <\/div>\n    <div class=\"space-y-48 md:space-y-80\">\n              <div class=\"container-fluid grid-standard gap-y-48 md:gap-y-64 lg:gap-y-80\">\n                  <div class=\"col-span-full md:col-span-6 lg:col-span-4\">\n            <a href=\"https:\/\/matholding.com\/ca\/matholding-crece-un-17-y-factura-406me-en-2024\/\" class=\"block space-y-16 !no-underline group\">\n          <div class=\"relative w-full h-220 md:h-310 overflow-hidden\">\n        <img loading=\"lazy\" decoding=\"async\" width=\"800\" height=\"642\" src=\"https:\/\/matholding.com\/app\/uploads\/2025\/05\/Image-1.jpeg\" class=\"z-0 w-full h-220 md:h-310 object-cover object-center scale-100 group-hover:scale-110 transition-transform duration-300 wp-post-image\" alt=\"\" srcset=\"https:\/\/matholding.com\/app\/uploads\/2025\/05\/Image-1.jpeg 800w, https:\/\/matholding.com\/app\/uploads\/2025\/05\/Image-1-300x241.jpeg 300w, https:\/\/matholding.com\/app\/uploads\/2025\/05\/Image-1-768x616.jpeg 768w\" sizes=\"auto, (max-width: 800px) 100vw, 800px\" \/>\n        <div\n          class=\"absolute inset-0 z-10 bg-opacities-dark\/40 opacity-0 group-hover:opacity-100 transition-opacity duration-300\">\n        <\/div>\n      <\/div>\n        <div class=\"flex items-center w-fit gap-16 text-sm text-ash-500\">\n      <span>21 \/ 05 \/ 2025<\/span>\n                        <span>\u00b7<\/span>\n          <span>Nota de premsa<\/span>\n                  <\/div>\n    <h3 class=\"text-xl font-semibold group-hover:underline\">MatHolding creix un 17% i factura 406M\u20ac el 2024<\/h3>\n  <\/a>\n          <\/div>\n                  <div class=\"col-span-full md:col-span-6 lg:col-span-4\">\n            <a href=\"https:\/\/matholding.com\/ca\/mat-holding-celebra-la-incorporacion-de-la-historica-fabrica-de-quart-de-poblet-a-su-division-iqv\/\" class=\"block space-y-16 !no-underline group\">\n          <div class=\"relative w-full h-220 md:h-310 overflow-hidden\">\n        <img loading=\"lazy\" decoding=\"async\" width=\"1024\" height=\"768\" src=\"https:\/\/matholding.com\/app\/uploads\/2024\/06\/IQV_QuartdePoblet2_02-1024x768.jpg\" class=\"z-0 w-full h-220 md:h-310 object-cover object-center scale-100 group-hover:scale-110 transition-transform duration-300 wp-post-image\" alt=\"\" srcset=\"https:\/\/matholding.com\/app\/uploads\/2024\/06\/IQV_QuartdePoblet2_02-1024x768.jpg 1024w, https:\/\/matholding.com\/app\/uploads\/2024\/06\/IQV_QuartdePoblet2_02-300x225.jpg 300w, https:\/\/matholding.com\/app\/uploads\/2024\/06\/IQV_QuartdePoblet2_02-768x576.jpg 768w, https:\/\/matholding.com\/app\/uploads\/2024\/06\/IQV_QuartdePoblet2_02-1536x1152.jpg 1536w, https:\/\/matholding.com\/app\/uploads\/2024\/06\/IQV_QuartdePoblet2_02.jpg 1600w\" sizes=\"auto, (max-width: 1024px) 100vw, 1024px\" \/>\n        <div\n          class=\"absolute inset-0 z-10 bg-opacities-dark\/40 opacity-0 group-hover:opacity-100 transition-opacity duration-300\">\n        <\/div>\n      <\/div>\n        <div class=\"flex items-center w-fit gap-16 text-sm text-ash-500\">\n      <span>17 \/ 06 \/ 2024<\/span>\n                        <span>\u00b7<\/span>\n          <span>Nota de premsa<\/span>\n                  <\/div>\n    <h3 class=\"text-xl font-semibold group-hover:underline\">MatHolding celebra la incorporaci\u00f3 de la hist\u00f2rica f\u00e0brica de Quart de Poblet a la seva divisi\u00f3 IQV<\/h3>\n  <\/a>\n          <\/div>\n                  <div class=\"col-span-full md:col-span-6 lg:col-span-4\">\n            <a href=\"https:\/\/matholding.com\/ca\/matholding-crece-un-6-y-factura-429-millones-e-en-2025\/\" class=\"block space-y-16 !no-underline group\">\n          <div class=\"relative w-full h-220 md:h-310 overflow-hidden\">\n        <img loading=\"lazy\" decoding=\"async\" width=\"1024\" height=\"483\" src=\"https:\/\/matholding.com\/app\/uploads\/2026\/04\/Grupal-1-1024x483.jpg\" class=\"z-0 w-full h-220 md:h-310 object-cover object-center scale-100 group-hover:scale-110 transition-transform duration-300 wp-post-image\" alt=\"\" srcset=\"https:\/\/matholding.com\/app\/uploads\/2026\/04\/Grupal-1-1024x483.jpg 1024w, https:\/\/matholding.com\/app\/uploads\/2026\/04\/Grupal-1-300x141.jpg 300w, https:\/\/matholding.com\/app\/uploads\/2026\/04\/Grupal-1-768x362.jpg 768w, https:\/\/matholding.com\/app\/uploads\/2026\/04\/Grupal-1-1536x724.jpg 1536w, https:\/\/matholding.com\/app\/uploads\/2026\/04\/Grupal-1-2048x966.jpg 2048w\" sizes=\"auto, (max-width: 1024px) 100vw, 1024px\" \/>\n        <div\n          class=\"absolute inset-0 z-10 bg-opacities-dark\/40 opacity-0 group-hover:opacity-100 transition-opacity duration-300\">\n        <\/div>\n      <\/div>\n        <div class=\"flex items-center w-fit gap-16 text-sm text-ash-500\">\n      <span>16 \/ 04 \/ 2026<\/span>\n                        <span>\u00b7<\/span>\n          <span>Nota de premsa<\/span>\n                  <\/div>\n    <h3 class=\"text-xl font-semibold group-hover:underline\">MatHolding\u00a0creix un 6% i factura 429 milions d\u2019euros el 2025<\/h3>\n  <\/a>\n          <\/div>\n              <\/div>\n      <\/div>\n  <\/div>\n","protected":false},"excerpt":{"rendered":"","protected":false},"author":1,"featured_media":0,"parent":736,"menu_order":0,"comment_status":"closed","ping_status":"closed","template":"","meta":{"_acf_changed":false,"footnotes":""},"class_list":["post-761","page","type-page","status-publish","hentry"],"acf":[],"yoast_head":"<!-- This site is optimized with the Yoast SEO plugin v27.3 - https:\/\/yoast.com\/product\/yoast-seo-wordpress\/ -->\n<title>MatWater Division Gesti\u00f3n H\u00eddrica Global con Tecnolog\u00eda Propia<\/title>\n<meta name=\"description\" content=\"MatWaterDivision re\u00fane empresas especializadas en tratamiento, filtraci\u00f3n y control del agua para sectores agr\u00edcola e industrial.\" \/>\n<meta name=\"robots\" content=\"index, follow, max-snippet:-1, max-image-preview:large, max-video-preview:-1\" \/>\n<link rel=\"canonical\" href=\"https:\/\/matholding.com\/ca\/que-fem\/matwaterdivision\/\" \/>\n<meta property=\"og:locale\" content=\"ca_ES\" \/>\n<meta property=\"og:type\" content=\"article\" \/>\n<meta property=\"og:title\" content=\"MatWater Division Gesti\u00f3n H\u00eddrica Global con Tecnolog\u00eda Propia\" \/>\n<meta property=\"og:description\" content=\"MatWaterDivision re\u00fane empresas especializadas en tratamiento, filtraci\u00f3n y control del agua para sectores agr\u00edcola e industrial.\" \/>\n<meta property=\"og:url\" content=\"https:\/\/matholding.com\/ca\/que-fem\/matwaterdivision\/\" \/>\n<meta property=\"og:site_name\" content=\"MatHolding\" \/>\n<meta property=\"article:modified_time\" content=\"2025-05-23T07:12:30+00:00\" \/>\n<meta name=\"twitter:card\" content=\"summary_large_image\" \/>\n<meta name=\"twitter:label1\" content=\"Est. reading time\" \/>\n\t<meta name=\"twitter:data1\" content=\"3 minutes\" \/>\n<script type=\"application\/ld+json\" class=\"yoast-schema-graph\">{\"@context\":\"https:\\\/\\\/schema.org\",\"@graph\":[{\"@type\":\"WebPage\",\"@id\":\"https:\\\/\\\/matholding.com\\\/ca\\\/que-fem\\\/matwaterdivision\\\/\",\"url\":\"https:\\\/\\\/matholding.com\\\/ca\\\/que-fem\\\/matwaterdivision\\\/\",\"name\":\"MatWater Division Gesti\u00f3n H\u00eddrica Global con Tecnolog\u00eda Propia\",\"isPartOf\":{\"@id\":\"https:\\\/\\\/matholding.com\\\/ca\\\/#website\"},\"datePublished\":\"2025-04-30T12:29:13+00:00\",\"dateModified\":\"2025-05-23T07:12:30+00:00\",\"description\":\"MatWaterDivision re\u00fane empresas especializadas en tratamiento, filtraci\u00f3n y control del agua para sectores agr\u00edcola e industrial.\",\"breadcrumb\":{\"@id\":\"https:\\\/\\\/matholding.com\\\/ca\\\/que-fem\\\/matwaterdivision\\\/#breadcrumb\"},\"inLanguage\":\"ca\",\"potentialAction\":[{\"@type\":\"ReadAction\",\"target\":[\"https:\\\/\\\/matholding.com\\\/ca\\\/que-fem\\\/matwaterdivision\\\/\"]}]},{\"@type\":\"BreadcrumbList\",\"@id\":\"https:\\\/\\\/matholding.com\\\/ca\\\/que-fem\\\/matwaterdivision\\\/#breadcrumb\",\"itemListElement\":[{\"@type\":\"ListItem\",\"position\":1,\"name\":\"Inicio\",\"item\":\"https:\\\/\\\/matholding.com\\\/ca\\\/\"},{\"@type\":\"ListItem\",\"position\":2,\"name\":\"Qu\u00e8 fem\",\"item\":\"https:\\\/\\\/matholding.com\\\/ca\\\/que-fem\\\/\"},{\"@type\":\"ListItem\",\"position\":3,\"name\":\"MatWater Division\"}]},{\"@type\":\"WebSite\",\"@id\":\"https:\\\/\\\/matholding.com\\\/ca\\\/#website\",\"url\":\"https:\\\/\\\/matholding.com\\\/ca\\\/\",\"name\":\"MatHolding\",\"description\":\"Soluciones Sostenibles para el Agua y la Agricultura\",\"potentialAction\":[{\"@type\":\"SearchAction\",\"target\":{\"@type\":\"EntryPoint\",\"urlTemplate\":\"https:\\\/\\\/matholding.com\\\/ca\\\/?s={search_term_string}\"},\"query-input\":{\"@type\":\"PropertyValueSpecification\",\"valueRequired\":true,\"valueName\":\"search_term_string\"}}],\"inLanguage\":\"ca\"}]}<\/script>\n<!-- \/ Yoast SEO plugin. -->","yoast_head_json":{"title":"MatWater Division Gesti\u00f3n H\u00eddrica Global con Tecnolog\u00eda Propia","description":"MatWaterDivision re\u00fane empresas especializadas en tratamiento, filtraci\u00f3n y control del agua para sectores agr\u00edcola e industrial.","robots":{"index":"index","follow":"follow","max-snippet":"max-snippet:-1","max-image-preview":"max-image-preview:large","max-video-preview":"max-video-preview:-1"},"canonical":"https:\/\/matholding.com\/ca\/que-fem\/matwaterdivision\/","og_locale":"ca_ES","og_type":"article","og_title":"MatWater Division Gesti\u00f3n H\u00eddrica Global con Tecnolog\u00eda Propia","og_description":"MatWaterDivision re\u00fane empresas especializadas en tratamiento, filtraci\u00f3n y control del agua para sectores agr\u00edcola e industrial.","og_url":"https:\/\/matholding.com\/ca\/que-fem\/matwaterdivision\/","og_site_name":"MatHolding","article_modified_time":"2025-05-23T07:12:30+00:00","twitter_card":"summary_large_image","twitter_misc":{"Est. reading time":"3 minutes"},"schema":{"@context":"https:\/\/schema.org","@graph":[{"@type":"WebPage","@id":"https:\/\/matholding.com\/ca\/que-fem\/matwaterdivision\/","url":"https:\/\/matholding.com\/ca\/que-fem\/matwaterdivision\/","name":"MatWater Division Gesti\u00f3n H\u00eddrica Global con Tecnolog\u00eda Propia","isPartOf":{"@id":"https:\/\/matholding.com\/ca\/#website"},"datePublished":"2025-04-30T12:29:13+00:00","dateModified":"2025-05-23T07:12:30+00:00","description":"MatWaterDivision re\u00fane empresas especializadas en tratamiento, filtraci\u00f3n y control del agua para sectores agr\u00edcola e industrial.","breadcrumb":{"@id":"https:\/\/matholding.com\/ca\/que-fem\/matwaterdivision\/#breadcrumb"},"inLanguage":"ca","potentialAction":[{"@type":"ReadAction","target":["https:\/\/matholding.com\/ca\/que-fem\/matwaterdivision\/"]}]},{"@type":"BreadcrumbList","@id":"https:\/\/matholding.com\/ca\/que-fem\/matwaterdivision\/#breadcrumb","itemListElement":[{"@type":"ListItem","position":1,"name":"Inicio","item":"https:\/\/matholding.com\/ca\/"},{"@type":"ListItem","position":2,"name":"Qu\u00e8 fem","item":"https:\/\/matholding.com\/ca\/que-fem\/"},{"@type":"ListItem","position":3,"name":"MatWater Division"}]},{"@type":"WebSite","@id":"https:\/\/matholding.com\/ca\/#website","url":"https:\/\/matholding.com\/ca\/","name":"MatHolding","description":"Soluciones Sostenibles para el Agua y la Agricultura","potentialAction":[{"@type":"SearchAction","target":{"@type":"EntryPoint","urlTemplate":"https:\/\/matholding.com\/ca\/?s={search_term_string}"},"query-input":{"@type":"PropertyValueSpecification","valueRequired":true,"valueName":"search_term_string"}}],"inLanguage":"ca"}]}},"_links":{"self":[{"href":"https:\/\/matholding.com\/ca\/wp-json\/wp\/v2\/pages\/761","targetHints":{"allow":["GET"]}}],"collection":[{"href":"https:\/\/matholding.com\/ca\/wp-json\/wp\/v2\/pages"}],"about":[{"href":"https:\/\/matholding.com\/ca\/wp-json\/wp\/v2\/types\/page"}],"author":[{"embeddable":true,"href":"https:\/\/matholding.com\/ca\/wp-json\/wp\/v2\/users\/1"}],"replies":[{"embeddable":true,"href":"https:\/\/matholding.com\/ca\/wp-json\/wp\/v2\/comments?post=761"}],"version-history":[{"count":1,"href":"https:\/\/matholding.com\/ca\/wp-json\/wp\/v2\/pages\/761\/revisions"}],"predecessor-version":[{"id":764,"href":"https:\/\/matholding.com\/ca\/wp-json\/wp\/v2\/pages\/761\/revisions\/764"}],"up":[{"embeddable":true,"href":"https:\/\/matholding.com\/ca\/wp-json\/wp\/v2\/pages\/736"}],"wp:attachment":[{"href":"https:\/\/matholding.com\/ca\/wp-json\/wp\/v2\/media?parent=761"}],"curies":[{"name":"wp","href":"https:\/\/api.w.org\/{rel}","templated":true}]}}