{"id":773,"date":"2025-04-30T11:00:27","date_gmt":"2025-04-30T09:00:27","guid":{"rendered":"https:\/\/matholding.com\/grupo\/einf\/"},"modified":"2025-05-25T18:08:35","modified_gmt":"2025-05-25T16:08:35","slug":"einf","status":"publish","type":"page","link":"https:\/\/matholding.com\/ca\/grup\/einf\/","title":{"rendered":"EINF"},"content":{"rendered":"<div class=\"py-40 md:py-80 space-y-24 md:space-y-32\">\n  <div class=\"container-fluid\">\n    <div class=\"grid-standard \">\n    <div class=\"col-span-full md:col-span-8 lg:col-span-6 space-y-16\">\n              <h2 class=\"text-2xl md:text-3xl\">EINF 2024<\/h2>\n                    <div class=\"text-lg rich-text\"><p>Aquest informe recull l&#8217;activitat desenvolupada l\u2019any 2024 per totes les empreses del Grup MatHolding, amb especial \u00e8mfasi en els \u00e0mbits mediambiental, social i de gesti\u00f3 responsable.<\/p>\n<\/div>\n          <\/div>\n  <\/div>\n  <\/div>\n      <div class=\"container-fluid max-md:bg-gray-100\">\n      <div class=\"md:bg-gray-100 py-24 md:p-32 flex max-md:flex-col md:items-end gap-16 md:gap-24\">\n                  <img loading=\"lazy\" decoding=\"async\" width=\"1024\" height=\"697\" src=\"https:\/\/matholding.com\/app\/uploads\/2025\/05\/EINF-1024x697.jpg\" class=\"w-full h-auto md:self-stretch md:h-full md:w-auto md:max-w-[40%] md:max-h-400 object-scale-down object-center shrink-0\" alt=\"\" srcset=\"https:\/\/matholding.com\/app\/uploads\/2025\/05\/EINF-1024x697.jpg 1024w, https:\/\/matholding.com\/app\/uploads\/2025\/05\/EINF-300x204.jpg 300w, https:\/\/matholding.com\/app\/uploads\/2025\/05\/EINF-768x523.jpg 768w, https:\/\/matholding.com\/app\/uploads\/2025\/05\/EINF.jpg 1065w\" sizes=\"auto, (max-width: 1024px) 100vw, 1024px\" \/>\n                <div class=\"flex flex-1 max-lg:flex-col gap-24 md:gap-32 lg:gap-64 md:items-end\">\n          <div class=\"space-y-16 lg:flex-1 max-lg:w-full\">\n                          <h3 class=\"text-2xl md:text-3xl font-serif font-semibold\">EINF 2024: Transpar\u00e8ncia, impacte i comprom\u00eds en un sol document<\/h3>\n                                      <div class=\"rich-text text-lg md:text-xl\"><p>Un resum de la nostra activitat i aven\u00e7os en sostenibilitat, persones i gesti\u00f3 responsable.<\/p>\n<\/div>\n                      <\/div>\n                      <a class=\"btn btn-primary btn-normal link-with-icon max-md:!w-full\" download href=\"https:\/\/matholding.com\/app\/uploads\/2025\/05\/MAT-Holding_Informe-financer-2024_VDEF-DIGITAL.pdf\">\n                              <span>Descarregar informe 2024<\/span>\n                            <svg class=\"size-24\" width=\"24\" height=\"25\" viewBox=\"0 0 24 25\" fill=\"none\" xmlns=\"http:\/\/www.w3.org\/2000\/svg\">\n  <mask id=\"mask0_7825_45203\" style=\"mask-type:alpha\" maskUnits=\"userSpaceOnUse\" x=\"0\" y=\"0\" width=\"24\" height=\"25\">\n    <rect y=\"0.5\" width=\"24\" height=\"24\" fill=\"#D9D9D9\" \/>\n  <\/mask>\n  <g mask=\"url(#mask0_7825_45203)\">\n    <path\n      d=\"M12 16.5L7 11.5L8.4 10.05L11 12.65V4.5H13V12.65L15.6 10.05L17 11.5L12 16.5ZM6 20.5C5.45 20.5 4.97917 20.3042 4.5875 19.9125C4.19583 19.5208 4 19.05 4 18.5V15.5H6V18.5H18V15.5H20V18.5C20 19.05 19.8042 19.5208 19.4125 19.9125C19.0208 20.3042 18.55 20.5 18 20.5H6Z\"\n      fill=\"currentColor\" \/>\n  <\/g>\n<\/svg>            <\/a>\n                  <\/div>\n      <\/div>\n    <\/div>\n  <\/div>\n\n\n<div class=\"container-fluid py-40 md:py-80 space-y-32 overflow-hidden\">\n          <h2 class=\"text-2xl md:text-3xl\">Descobreix m\u00e9s<\/h2>\n        <div class=\"swiper navigation-cards-swiper !overflow-visible\">\n      <div class=\"swiper-wrapper\">\n                              <div class=\"swiper-slide !h-auto min-h-380 md:min-h-290\">\n              <a href=\"https:\/\/matholding.com\/ca\/grupo\/matway\/\" target=\"\"\n                class=\"!no-underline h-full flex flex-col justify-between bg-gray-100 p-24 pb-16 group hover:bg-gray-300 hover:shadow-card transition duration-300\">\n                <div class=\"space-y-16\">\n                                      <h3 class=\"text-4xl md:text-5xl font-serif text-ash-500\">Matway<\/h3>\n                                                        <div class=\"rich-text text-xl\"><p>MatWay beu dels nostres valors fundacionals, els d&#8217;una iniciativa familiar convertida en un grup industrial global.<\/p>\n<\/div>\n                                  <\/div>\n                <button class=\"link link-primary link-with-icon link-mobile-underline group-hover:after:!w-full\">\n          <span>Veure-ho tot<\/span>\n      <svg class=\"size-24\" width=\"24\" height=\"25\" viewBox=\"0 0 24 25\" fill=\"none\" xmlns=\"http:\/\/www.w3.org\/2000\/svg\">\n  <path\n    d=\"M21.2855 13.0992L14.6855 19.6992L13.3419 18.3792L17.679 14.0421H10.914V12.1564H17.679L13.3655 7.81922L14.6855 6.49922L21.2855 13.0992ZM9.02833 14.0421H6.19976V12.1564H9.02833V14.0421ZM4.31404 14.0421H2.42833V12.1564H4.31404V14.0421Z\"\n    fill=\"currentColor\" \/>\n<\/svg>      <\/button>\n              <\/a>\n            <\/div>\n                                        <div class=\"swiper-slide !h-auto min-h-380 md:min-h-290\">\n              <a href=\"https:\/\/matholding.com\/ca\/grupo\/historia\/\" target=\"\"\n                class=\"!no-underline h-full flex flex-col justify-between bg-gray-100 p-24 pb-16 group hover:bg-gray-300 hover:shadow-card transition duration-300\">\n                <div class=\"space-y-16\">\n                                      <h3 class=\"text-4xl md:text-5xl font-serif text-ash-500\">Hist\u00f2ria<\/h3>\n                                                        <div class=\"rich-text text-xl\"><p>90 anys de visi\u00f3, comprom\u00eds i innovaci\u00f3.<\/p>\n<\/div>\n                                  <\/div>\n                <button class=\"link link-primary link-with-icon link-mobile-underline group-hover:after:!w-full\">\n          <span>Veure-ho tot<\/span>\n      <svg class=\"size-24\" width=\"24\" height=\"25\" viewBox=\"0 0 24 25\" fill=\"none\" xmlns=\"http:\/\/www.w3.org\/2000\/svg\">\n  <path\n    d=\"M21.2855 13.0992L14.6855 19.6992L13.3419 18.3792L17.679 14.0421H10.914V12.1564H17.679L13.3655 7.81922L14.6855 6.49922L21.2855 13.0992ZM9.02833 14.0421H6.19976V12.1564H9.02833V14.0421ZM4.31404 14.0421H2.42833V12.1564H4.31404V14.0421Z\"\n    fill=\"currentColor\" \/>\n<\/svg>      <\/button>\n              <\/a>\n            <\/div>\n                                        <div class=\"swiper-slide !h-auto min-h-380 md:min-h-290\">\n              <a href=\"https:\/\/matholding.com\/ca\/grupo\/codi-etic\/\" target=\"\"\n                class=\"!no-underline h-full flex flex-col justify-between bg-gray-100 p-24 pb-16 group hover:bg-gray-300 hover:shadow-card transition duration-300\">\n                <div class=\"space-y-16\">\n                                      <h3 class=\"text-4xl md:text-5xl font-serif text-ash-500\">Codi \u00c8tic<\/h3>\n                                                        <div class=\"rich-text text-xl\"><p>El nostre Codi \u00c8tic \u00e9s la guia que orienta les nostres accions. Reflecteix els principis i valors que ens defineixen, ens ajuda a prendre decisions responsables i a continuar construint un projecte del qual ens sentim orgullosos.<\/p>\n<\/div>\n                                  <\/div>\n                <button class=\"link link-primary link-with-icon link-mobile-underline group-hover:after:!w-full\">\n          <span>Veure-ho tot<\/span>\n      <svg class=\"size-24\" width=\"24\" height=\"25\" viewBox=\"0 0 24 25\" fill=\"none\" xmlns=\"http:\/\/www.w3.org\/2000\/svg\">\n  <path\n    d=\"M21.2855 13.0992L14.6855 19.6992L13.3419 18.3792L17.679 14.0421H10.914V12.1564H17.679L13.3655 7.81922L14.6855 6.49922L21.2855 13.0992ZM9.02833 14.0421H6.19976V12.1564H9.02833V14.0421ZM4.31404 14.0421H2.42833V12.1564H4.31404V14.0421Z\"\n    fill=\"currentColor\" \/>\n<\/svg>      <\/button>\n              <\/a>\n            <\/div>\n                        <\/div>\n    <\/div>\n  <\/div>\n","protected":false},"excerpt":{"rendered":"","protected":false},"author":1,"featured_media":656,"parent":769,"menu_order":0,"comment_status":"closed","ping_status":"closed","template":"template-child.blade.php","meta":{"_acf_changed":false,"footnotes":""},"class_list":["post-773","page","type-page","status-publish","has-post-thumbnail","hentry"],"acf":[],"yoast_head":"<!-- This site is optimized with the Yoast SEO plugin v27.4 - https:\/\/yoast.com\/product\/yoast-seo-wordpress\/ -->\n<title>EINF | Informe de sostenibilitat i comprom\u00eds social<\/title>\n<meta name=\"description\" content=\"Consulta el nostre EINF i coneix l\u2019impacte de MatHolding en sostenibilitat, persones, medi ambient i bon govern.\" \/>\n<meta name=\"robots\" content=\"index, follow, max-snippet:-1, max-image-preview:large, max-video-preview:-1\" \/>\n<link rel=\"canonical\" href=\"https:\/\/matholding.com\/ca\/grup\/einf\/\" \/>\n<meta property=\"og:locale\" content=\"ca_ES\" \/>\n<meta property=\"og:type\" content=\"article\" \/>\n<meta property=\"og:title\" content=\"EINF | Informe de sostenibilitat i comprom\u00eds social\" \/>\n<meta property=\"og:description\" content=\"Consulta el nostre EINF i coneix l\u2019impacte de MatHolding en sostenibilitat, persones, medi ambient i bon govern.\" \/>\n<meta property=\"og:url\" content=\"https:\/\/matholding.com\/ca\/grup\/einf\/\" \/>\n<meta property=\"og:site_name\" content=\"MatHolding\" \/>\n<meta property=\"article:modified_time\" content=\"2025-05-25T16:08:35+00:00\" \/>\n<meta property=\"og:image\" content=\"https:\/\/matholding.com\/app\/uploads\/2025\/05\/plantes.jpg\" \/>\n\t<meta property=\"og:image:width\" content=\"2000\" \/>\n\t<meta property=\"og:image:height\" content=\"1333\" \/>\n\t<meta property=\"og:image:type\" content=\"image\/jpeg\" \/>\n<meta name=\"twitter:card\" content=\"summary_large_image\" \/>\n<meta name=\"twitter:label1\" content=\"Est. reading time\" \/>\n\t<meta name=\"twitter:data1\" content=\"2 minutes\" \/>\n<script type=\"application\/ld+json\" class=\"yoast-schema-graph\">{\"@context\":\"https:\\\/\\\/schema.org\",\"@graph\":[{\"@type\":\"WebPage\",\"@id\":\"https:\\\/\\\/matholding.com\\\/ca\\\/grup\\\/einf\\\/\",\"url\":\"https:\\\/\\\/matholding.com\\\/ca\\\/grup\\\/einf\\\/\",\"name\":\"EINF | Informe de sostenibilitat i comprom\u00eds social\",\"isPartOf\":{\"@id\":\"https:\\\/\\\/matholding.com\\\/ca\\\/#website\"},\"primaryImageOfPage\":{\"@id\":\"https:\\\/\\\/matholding.com\\\/ca\\\/grup\\\/einf\\\/#primaryimage\"},\"image\":{\"@id\":\"https:\\\/\\\/matholding.com\\\/ca\\\/grup\\\/einf\\\/#primaryimage\"},\"thumbnailUrl\":\"https:\\\/\\\/matholding.com\\\/app\\\/uploads\\\/2025\\\/05\\\/plantes.jpg\",\"datePublished\":\"2025-04-30T09:00:27+00:00\",\"dateModified\":\"2025-05-25T16:08:35+00:00\",\"description\":\"Consulta el nostre EINF i coneix l\u2019impacte de MatHolding en sostenibilitat, persones, medi ambient i bon govern.\",\"breadcrumb\":{\"@id\":\"https:\\\/\\\/matholding.com\\\/ca\\\/grup\\\/einf\\\/#breadcrumb\"},\"inLanguage\":\"ca\",\"potentialAction\":[{\"@type\":\"ReadAction\",\"target\":[\"https:\\\/\\\/matholding.com\\\/ca\\\/grup\\\/einf\\\/\"]}]},{\"@type\":\"ImageObject\",\"inLanguage\":\"ca\",\"@id\":\"https:\\\/\\\/matholding.com\\\/ca\\\/grup\\\/einf\\\/#primaryimage\",\"url\":\"https:\\\/\\\/matholding.com\\\/app\\\/uploads\\\/2025\\\/05\\\/plantes.jpg\",\"contentUrl\":\"https:\\\/\\\/matholding.com\\\/app\\\/uploads\\\/2025\\\/05\\\/plantes.jpg\",\"width\":2000,\"height\":1333},{\"@type\":\"BreadcrumbList\",\"@id\":\"https:\\\/\\\/matholding.com\\\/ca\\\/grup\\\/einf\\\/#breadcrumb\",\"itemListElement\":[{\"@type\":\"ListItem\",\"position\":1,\"name\":\"Inicio\",\"item\":\"https:\\\/\\\/matholding.com\\\/ca\\\/\"},{\"@type\":\"ListItem\",\"position\":2,\"name\":\"Grup\",\"item\":\"https:\\\/\\\/matholding.com\\\/ca\\\/grup\\\/\"},{\"@type\":\"ListItem\",\"position\":3,\"name\":\"EINF\"}]},{\"@type\":\"WebSite\",\"@id\":\"https:\\\/\\\/matholding.com\\\/ca\\\/#website\",\"url\":\"https:\\\/\\\/matholding.com\\\/ca\\\/\",\"name\":\"MatHolding\",\"description\":\"Soluciones Sostenibles para el Agua y la Agricultura\",\"potentialAction\":[{\"@type\":\"SearchAction\",\"target\":{\"@type\":\"EntryPoint\",\"urlTemplate\":\"https:\\\/\\\/matholding.com\\\/ca\\\/?s={search_term_string}\"},\"query-input\":{\"@type\":\"PropertyValueSpecification\",\"valueRequired\":true,\"valueName\":\"search_term_string\"}}],\"inLanguage\":\"ca\"}]}<\/script>\n<!-- \/ Yoast SEO plugin. -->","yoast_head_json":{"title":"EINF | Informe de sostenibilitat i comprom\u00eds social","description":"Consulta el nostre EINF i coneix l\u2019impacte de MatHolding en sostenibilitat, persones, medi ambient i bon govern.","robots":{"index":"index","follow":"follow","max-snippet":"max-snippet:-1","max-image-preview":"max-image-preview:large","max-video-preview":"max-video-preview:-1"},"canonical":"https:\/\/matholding.com\/ca\/grup\/einf\/","og_locale":"ca_ES","og_type":"article","og_title":"EINF | Informe de sostenibilitat i comprom\u00eds social","og_description":"Consulta el nostre EINF i coneix l\u2019impacte de MatHolding en sostenibilitat, persones, medi ambient i bon govern.","og_url":"https:\/\/matholding.com\/ca\/grup\/einf\/","og_site_name":"MatHolding","article_modified_time":"2025-05-25T16:08:35+00:00","og_image":[{"width":2000,"height":1333,"url":"https:\/\/matholding.com\/app\/uploads\/2025\/05\/plantes.jpg","type":"image\/jpeg"}],"twitter_card":"summary_large_image","twitter_misc":{"Est. reading time":"2 minutes"},"schema":{"@context":"https:\/\/schema.org","@graph":[{"@type":"WebPage","@id":"https:\/\/matholding.com\/ca\/grup\/einf\/","url":"https:\/\/matholding.com\/ca\/grup\/einf\/","name":"EINF | Informe de sostenibilitat i comprom\u00eds social","isPartOf":{"@id":"https:\/\/matholding.com\/ca\/#website"},"primaryImageOfPage":{"@id":"https:\/\/matholding.com\/ca\/grup\/einf\/#primaryimage"},"image":{"@id":"https:\/\/matholding.com\/ca\/grup\/einf\/#primaryimage"},"thumbnailUrl":"https:\/\/matholding.com\/app\/uploads\/2025\/05\/plantes.jpg","datePublished":"2025-04-30T09:00:27+00:00","dateModified":"2025-05-25T16:08:35+00:00","description":"Consulta el nostre EINF i coneix l\u2019impacte de MatHolding en sostenibilitat, persones, medi ambient i bon govern.","breadcrumb":{"@id":"https:\/\/matholding.com\/ca\/grup\/einf\/#breadcrumb"},"inLanguage":"ca","potentialAction":[{"@type":"ReadAction","target":["https:\/\/matholding.com\/ca\/grup\/einf\/"]}]},{"@type":"ImageObject","inLanguage":"ca","@id":"https:\/\/matholding.com\/ca\/grup\/einf\/#primaryimage","url":"https:\/\/matholding.com\/app\/uploads\/2025\/05\/plantes.jpg","contentUrl":"https:\/\/matholding.com\/app\/uploads\/2025\/05\/plantes.jpg","width":2000,"height":1333},{"@type":"BreadcrumbList","@id":"https:\/\/matholding.com\/ca\/grup\/einf\/#breadcrumb","itemListElement":[{"@type":"ListItem","position":1,"name":"Inicio","item":"https:\/\/matholding.com\/ca\/"},{"@type":"ListItem","position":2,"name":"Grup","item":"https:\/\/matholding.com\/ca\/grup\/"},{"@type":"ListItem","position":3,"name":"EINF"}]},{"@type":"WebSite","@id":"https:\/\/matholding.com\/ca\/#website","url":"https:\/\/matholding.com\/ca\/","name":"MatHolding","description":"Soluciones Sostenibles para el Agua y la Agricultura","potentialAction":[{"@type":"SearchAction","target":{"@type":"EntryPoint","urlTemplate":"https:\/\/matholding.com\/ca\/?s={search_term_string}"},"query-input":{"@type":"PropertyValueSpecification","valueRequired":true,"valueName":"search_term_string"}}],"inLanguage":"ca"}]}},"_links":{"self":[{"href":"https:\/\/matholding.com\/ca\/wp-json\/wp\/v2\/pages\/773","targetHints":{"allow":["GET"]}}],"collection":[{"href":"https:\/\/matholding.com\/ca\/wp-json\/wp\/v2\/pages"}],"about":[{"href":"https:\/\/matholding.com\/ca\/wp-json\/wp\/v2\/types\/page"}],"author":[{"embeddable":true,"href":"https:\/\/matholding.com\/ca\/wp-json\/wp\/v2\/users\/1"}],"replies":[{"embeddable":true,"href":"https:\/\/matholding.com\/ca\/wp-json\/wp\/v2\/comments?post=773"}],"version-history":[{"count":1,"href":"https:\/\/matholding.com\/ca\/wp-json\/wp\/v2\/pages\/773\/revisions"}],"predecessor-version":[{"id":779,"href":"https:\/\/matholding.com\/ca\/wp-json\/wp\/v2\/pages\/773\/revisions\/779"}],"up":[{"embeddable":true,"href":"https:\/\/matholding.com\/ca\/wp-json\/wp\/v2\/pages\/769"}],"wp:featuredmedia":[{"embeddable":true,"href":"https:\/\/matholding.com\/ca\/wp-json\/wp\/v2\/media\/656"}],"wp:attachment":[{"href":"https:\/\/matholding.com\/ca\/wp-json\/wp\/v2\/media?parent=773"}],"curies":[{"name":"wp","href":"https:\/\/api.w.org\/{rel}","templated":true}]}}