{"id":790,"date":"2025-04-09T15:04:09","date_gmt":"2025-04-09T13:04:09","guid":{"rendered":"https:\/\/matholding.com\/politica-de-privacidad\/"},"modified":"2025-05-29T18:56:01","modified_gmt":"2025-05-29T16:56:01","slug":"politica-de-privacitat","status":"publish","type":"page","link":"https:\/\/matholding.com\/ca\/politica-de-privacitat\/","title":{"rendered":"Pol\u00edtica de privacitat"},"content":{"rendered":"\n<h2 class=\"wp-block-heading\"><strong><strong>Protecci\u00f3 de dades de car\u00e0cter personal segons el RGPD<\/strong><\/strong><\/h2>\n\n\n\n<p>MAT Holding, S.L., en aplicaci\u00f3 de la normativa vigent en mat\u00e8ria de protecci\u00f3 de dades de car\u00e0cter personal, informa que les dades personals recollides a trav\u00e9s dels formularis del lloc web: <a href=\"https:\/\/matholding.com\/ca\/\">https:\/\/matholding.com\/<\/a>, s&#8217;inclouen en fitxers automatitzats espec\u00edfics d&#8217;usuaris dels serveis de MAT Holding, S.L.<\/p>\n\n\n\n<p>La recollida i tractament automatitzat de les dades de car\u00e0cter personal t\u00e9 com a finalitat el manteniment de la relaci\u00f3 comercial i la realitzaci\u00f3 de tasques d&#8217;informaci\u00f3, formaci\u00f3, assessorament i altres activitats pr\u00f2pies de MAT Holding, S.L.<\/p>\n\n\n\n<p>Aquestes dades nom\u00e9s seran cedides a aquelles entitats que siguin necess\u00e0ries amb l&#8217;\u00fanic objectiu de complir amb la finalitat abans esmentada.<\/p>\n\n\n\n<p>MAT Holding, S.L. adopta les mesures necess\u00e0ries per garantir la seguretat, integritat i confidencialitat de les dades d&#8217;acord amb el que disposa el Reglament (UE) 2016\/679 del Parlament Europeu i del Consell, de 27 d\u2019abril de 2016, relatiu a la protecci\u00f3 de les persones f\u00edsiques pel que fa al tractament de dades personals i a la lliure circulaci\u00f3 d\u2019aquestes.<\/p>\n\n\n\n<p>L\u2019usuari podr\u00e0 exercir en qualsevol moment els drets d\u2019acc\u00e9s, oposici\u00f3, rectificaci\u00f3, cancel\u00b7laci\u00f3, limitaci\u00f3 i portabilitat reconeguts en l\u2019esmentat Reglament (UE). L\u2019exercici d\u2019aquests drets pot fer-lo l\u2019usuari mateix mitjan\u00e7ant correu electr\u00f2nic a: protecciondedatos@matholding.com o a l\u2019adre\u00e7a: C\/ Garb\u00ed, 3 &#8211; Pol. Ind. Can Volart, C.P. 08150 \u2013 Parets Del Vall\u00e8s (Barcelona).<\/p>\n\n\n\n<p>L\u2019usuari manifesta que totes les dades facilitades s\u00f3n certes i correctes, i es compromet a mantenir-les actualitzades, comunicant qualsevol canvi a MAT Holding, S.L.<\/p>\n\n\n\n<h2 class=\"wp-block-heading\"><br><strong><strong>Finalitat del tractament de les dades personals<\/strong><\/strong><\/h2>\n\n\n\n<p><strong>Amb quina finalitat tractarem les teves dades personals?<\/strong><br>A MAT Holding, S.L., tractarem les teves dades personals recollides a trav\u00e9s del lloc web <a href=\"https:\/\/matholding.com\/ca\/\">https:\/\/matholding.com\/<\/a> amb les seg\u00fcents finalitats:<\/p>\n\n\n\n<ul class=\"wp-block-list\">\n<li>Prestar els serveis d\u2019acord amb les necessitats particulars dels clients, per complir amb els contractes subscrits.<\/li>\n\n\n\n<li>Facilitar la informaci\u00f3 sol\u00b7licitada per l\u2019usuari a trav\u00e9s del formulari de contacte.<\/li>\n\n\n\n<li>Elaborar perfils de candidats a un lloc de treball amb el consentiment de l\u2019interessat, mitjan\u00e7ant un tractament automatitzat per avaluar els aspectes personals especificats en el curr\u00edculum enviat per correu electr\u00f2nic.<\/li>\n<\/ul>\n\n\n\n<p>Et recordem que pots oposar-te a l\u2019enviament de comunicacions comercials per qualsevol via i en qualsevol moment, enviant un correu electr\u00f2nic a l\u2019adre\u00e7a abans indicada.<\/p>\n\n\n\n<p>Els camps d\u2019aquests formularis s\u00f3n obligatoris; no ser\u00e0 possible realitzar les finalitats expressades si no es faciliten aquestes dades.<\/p>\n\n\n\n<p><strong>Durant quant de temps es conserven les dades?<\/strong><\/p>\n\n\n\n<p>Les dades personals proporcionades es conservaran mentre es mantingui la relaci\u00f3 comercial o no se&#8217;n sol\u00b7liciti la supressi\u00f3, i durant el per\u00edode pel qual puguin derivar-se responsabilitats legals pels serveis prestats.<\/p>\n\n\n\n<p><strong>Legitimaci\u00f3<\/strong><\/p>\n\n\n\n<p>El tractament de les teves dades es realitza sobre les seg\u00fcents bases legals:<\/p>\n\n\n\n<ul class=\"wp-block-list\">\n<li>La sol\u00b7licitud d\u2019informaci\u00f3 i\/o la contractaci\u00f3 dels serveis de MAT Holding, S.L., els termes dels quals es posaran a la teva disposici\u00f3 abans de la contractaci\u00f3.<\/li>\n\n\n\n<li>El consentiment lliure, espec\u00edfic, informat i inequ\u00edvoc, at\u00e8s que se t\u2019informa mitjan\u00e7ant aquesta pol\u00edtica de privacitat, que podr\u00e0s acceptar mitjan\u00e7ant una acci\u00f3 afirmativa clara (com marcar una casella).<\/li>\n<\/ul>\n\n\n\n<p>En cas de no facilitar les dades o de fer-ho de manera incorrecta o incompleta, no podrem atendre la teva sol\u00b7licitud ni proporcionar-te la informaci\u00f3 o els serveis sol\u00b7licitats.<\/p>\n\n\n\n<p><strong>Destinataris<\/strong><\/p>\n\n\n\n<p>Les dades no es comunicaran a cap tercer ali\u00e8 a MAT Holding, S.L., excepte per obligaci\u00f3 legal.<\/p>\n\n\n\n<p><strong>Dades recollides pels usuaris dels serveis<\/strong><\/p>\n\n\n\n<p>En els casos en qu\u00e8 l\u2019usuari inclogui fitxers amb dades personals en els servidors d\u2019allotjament compartit, MAT Holding, S.L. no es fa responsable de l\u2019incompliment del RGPD per part de l\u2019usuari.<\/p>\n\n\n\n<p><strong>Retenci\u00f3 de dades segons la LSSI<\/strong><\/p>\n\n\n\n<p>MAT Holding, S.L. informa que, com a prove\u00efdor de serveis d\u2019allotjament de dades i en virtut de la Llei 34\/2002, de l\u201911 de juliol, de Serveis de la Societat de la Informaci\u00f3 i Comer\u00e7 Electr\u00f2nic (LSSI), conserva per un per\u00edode m\u00e0xim de 12 mesos la informaci\u00f3 imprescindible per identificar l\u2019origen de les dades allotjades i el moment en qu\u00e8 es va iniciar la prestaci\u00f3 del servei.<\/p>\n\n\n\n<p>Aquesta retenci\u00f3 no afecta el secret de les comunicacions i nom\u00e9s pot ser utilitzada en el marc d\u2019una investigaci\u00f3 criminal o per garantir la seguretat p\u00fablica, posant-se a disposici\u00f3 de jutges, tribunals o ministeris competents.<\/p>\n\n\n\n<p><strong>Drets de propietat intel\u00b7lectual del lloc web<\/strong><\/p>\n\n\n\n<p>MAT Holding, S.L. \u00e9s titular de tots els drets d\u2019autor, propietat intel\u00b7lectual, industrial, \u00ab<em>know<\/em>&#8211;<em>how<\/em>\u00bb i qualsevol altre dret relacionat amb els continguts del lloc web <a href=\"https:\/\/matholding.com\/ca\/\">https:\/\/matholding.com<\/a> i els serveis oferts, aix\u00ed com dels programes necessaris per a la seva implementaci\u00f3 i la informaci\u00f3 relacionada.<\/p>\n\n\n\n<p>No es permet la reproducci\u00f3, publicaci\u00f3 i\/o \u00fas no estrictament privat dels continguts del lloc web, totalment o parcialment, sense el consentiment previ i per escrit.<\/p>\n\n\n\n<p><strong>Propietat intel\u00b7lectual del <\/strong><strong><em>software<\/em><\/strong><\/p>\n\n\n\n<p>L\u2019usuari ha de respectar els programes de tercers posats a disposici\u00f3 per MAT Holding, S.L., encara que siguin gratu\u00efts i\/o de domini p\u00fablic.<\/p>\n\n\n\n<p>MAT Holding, S.L. disposa dels drets d\u2019explotaci\u00f3 i propietat intel\u00b7lectual necessaris sobre el <em>software<\/em>.<\/p>\n\n\n\n<p>L\u2019usuari no adquireix cap dret ni llic\u00e8ncia sobre el <em>software<\/em> necessari per a la prestaci\u00f3 del servei, excepte els estrictament necessaris i durant el per\u00edode de durada del servei contractat.<\/p>\n\n\n\n<p>Qualsevol actuaci\u00f3 que excedeixi aquest \u00fas requerir\u00e0 autoritzaci\u00f3 per escrit de MAT Holding, S.L., quedant prohibit a l\u2019usuari accedir, modificar o visualitzar la configuraci\u00f3, estructura i fitxers dels servidors, i assumint responsabilitat civil i penal per qualsevol dany derivat d\u2019una acci\u00f3 negligent o maliciosa.<\/p>\n\n\n\n<p><strong>Propietat intel\u00b7lectual dels continguts allotjats<\/strong><\/p>\n\n\n\n<p>Es prohibeix qualsevol \u00fas contrari a la legislaci\u00f3 sobre propietat intel\u00b7lectual dels serveis prestats per MAT Holding, S.L., i especialment:<\/p>\n\n\n\n<ul class=\"wp-block-list\">\n<li>L\u2019\u00fas contrari a les lleis espanyoles o que infringeixi drets de tercers.<\/li>\n\n\n\n<li>La publicaci\u00f3 o transmissi\u00f3 de continguts violents, obscens, abusius, il\u00b7legals, racistes, xen\u00f2fobs o difamatoris.<\/li>\n\n\n\n<li>Els \u201ccracks\u201d, n\u00fameros de s\u00e8rie de programes o qualsevol contingut que vulneri drets de propietat intel\u00b7lectual.<\/li>\n\n\n\n<li>La recollida i\/o \u00fas de dades personals d\u2019altres usuaris sense el seu consentiment expr\u00e9s o en contra del Reglament (UE) 2016\/679.<\/li>\n\n\n\n<li>L\u2019\u00fas del servidor o del correu electr\u00f2nic per a l\u2019enviament massiu de correu no desitjat (spam).<\/li>\n<\/ul>\n\n\n\n<p>L\u2019usuari \u00e9s responsable del contingut del seu lloc web, de la informaci\u00f3 emesa i emmagatzemada, dels enlla\u00e7os, i de qualsevol acci\u00f3 legal derivada.<\/p>\n\n\n\n<p>L\u2019usuari indemnitzar\u00e0 MAT Holding, S.L. per qualsevol despesa legal derivada de responsabilitats imputables a ell, incloent honoraris d\u2019advocats, fins i tot en cas de resolucions no definitives.<\/p>\n\n\n\n<p><strong>Protecci\u00f3 de la informaci\u00f3 allotjada<\/strong><\/p>\n\n\n\n<p>MAT Holding, S.L. fa c\u00f2pies de seguretat dels continguts allotjats als seus servidors, per\u00f2 no es fa responsable de la p\u00e8rdua o esborrat accidental de dades per part dels usuaris.<\/p>\n\n\n\n<p>La reposici\u00f3 de dades nom\u00e9s estar\u00e0 inclosa quan la p\u00e8rdua sigui responsabilitat directa de MAT Holding, S.L. Si la p\u00e8rdua \u00e9s imputable a l\u2019usuari, es podr\u00e0 cobrar una tarifa segons la complexitat i volum de la recuperaci\u00f3, sempre amb pr\u00e8via acceptaci\u00f3.<\/p>\n\n\n\n<p><strong>Comunicacions comercials<\/strong><\/p>\n\n\n\n<p>D&#8217;acord amb la LSSI, MAT Holding, S.L. no enviar\u00e0 comunicacions comercials per correu electr\u00f2nic o qualsevol altre mitj\u00e0 electr\u00f2nic si no han estat pr\u00e8viament sol\u00b7licitades o expressament autoritzades.<\/p>\n\n\n\n<p>En cas d\u2019una relaci\u00f3 contractual pr\u00e8via, MAT Holding, S.L. podr\u00e0 enviar comunicacions comercials sobre productes o serveis similars als inicialment contractats.<\/p>\n\n\n\n<p>En tot cas, l\u2019usuari podr\u00e0 sol\u00b7licitar que no se li envi\u00ef m\u00e9s informaci\u00f3 comercial, acreditant pr\u00e8viament la seva identitat, a trav\u00e9s dels canals d\u2019atenci\u00f3 al client.<\/p>\n","protected":false},"excerpt":{"rendered":"<p>Protecci\u00f3 de dades de car\u00e0cter personal segons el RGPD MAT Holding, S.L., en aplicaci\u00f3 de la normativa vigent en mat\u00e8ria de protecci\u00f3 de dades de car\u00e0cter personal, informa que les dades personals recollides a trav\u00e9s dels formularis del lloc web: https:\/\/matholding.com\/, s&#8217;inclouen en fitxers automatitzats espec\u00edfics d&#8217;usuaris dels serveis de MAT Holding, S.L. La recollida &hellip; <a href=\"https:\/\/matholding.com\/ca\/politica-de-privacitat\/\">Continued<\/a><\/p>\n","protected":false},"author":1,"featured_media":0,"parent":0,"menu_order":0,"comment_status":"closed","ping_status":"open","template":"template-legal.blade.php","meta":{"_acf_changed":false,"footnotes":""},"class_list":["post-790","page","type-page","status-publish","hentry"],"acf":[],"yoast_head":"<!-- This site is optimized with the Yoast SEO plugin v27.3 - https:\/\/yoast.com\/product\/yoast-seo-wordpress\/ -->\n<title>Pol\u00edtica de privacitat - MatHolding<\/title>\n<meta name=\"robots\" content=\"index, follow, max-snippet:-1, max-image-preview:large, max-video-preview:-1\" \/>\n<link rel=\"canonical\" href=\"https:\/\/matholding.com\/ca\/politica-de-privacitat\/\" \/>\n<meta property=\"og:locale\" content=\"ca_ES\" \/>\n<meta property=\"og:type\" content=\"article\" \/>\n<meta property=\"og:title\" content=\"Pol\u00edtica de privacitat - MatHolding\" \/>\n<meta property=\"og:description\" content=\"Protecci\u00f3 de dades de car\u00e0cter personal segons el RGPD MAT Holding, S.L., en aplicaci\u00f3 de la normativa vigent en mat\u00e8ria de protecci\u00f3 de dades de car\u00e0cter personal, informa que les dades personals recollides a trav\u00e9s dels formularis del lloc web: https:\/\/matholding.com\/, s&#8217;inclouen en fitxers automatitzats espec\u00edfics d&#8217;usuaris dels serveis de MAT Holding, S.L. La recollida &hellip; Continued\" \/>\n<meta property=\"og:url\" content=\"https:\/\/matholding.com\/ca\/politica-de-privacitat\/\" \/>\n<meta property=\"og:site_name\" content=\"MatHolding\" \/>\n<meta property=\"article:modified_time\" content=\"2025-05-29T16:56:01+00:00\" \/>\n<meta name=\"twitter:card\" content=\"summary_large_image\" \/>\n<meta name=\"twitter:label1\" content=\"Est. reading time\" \/>\n\t<meta name=\"twitter:data1\" content=\"6 minutes\" \/>\n<script type=\"application\/ld+json\" class=\"yoast-schema-graph\">{\"@context\":\"https:\\\/\\\/schema.org\",\"@graph\":[{\"@type\":\"WebPage\",\"@id\":\"https:\\\/\\\/matholding.com\\\/ca\\\/politica-de-privacitat\\\/\",\"url\":\"https:\\\/\\\/matholding.com\\\/ca\\\/politica-de-privacitat\\\/\",\"name\":\"Pol\u00edtica de privacitat - MatHolding\",\"isPartOf\":{\"@id\":\"https:\\\/\\\/matholding.com\\\/ca\\\/#website\"},\"datePublished\":\"2025-04-09T13:04:09+00:00\",\"dateModified\":\"2025-05-29T16:56:01+00:00\",\"breadcrumb\":{\"@id\":\"https:\\\/\\\/matholding.com\\\/ca\\\/politica-de-privacitat\\\/#breadcrumb\"},\"inLanguage\":\"ca\",\"potentialAction\":[{\"@type\":\"ReadAction\",\"target\":[\"https:\\\/\\\/matholding.com\\\/ca\\\/politica-de-privacitat\\\/\"]}]},{\"@type\":\"BreadcrumbList\",\"@id\":\"https:\\\/\\\/matholding.com\\\/ca\\\/politica-de-privacitat\\\/#breadcrumb\",\"itemListElement\":[{\"@type\":\"ListItem\",\"position\":1,\"name\":\"Inicio\",\"item\":\"https:\\\/\\\/matholding.com\\\/ca\\\/\"},{\"@type\":\"ListItem\",\"position\":2,\"name\":\"Pol\u00edtica de privacitat\"}]},{\"@type\":\"WebSite\",\"@id\":\"https:\\\/\\\/matholding.com\\\/ca\\\/#website\",\"url\":\"https:\\\/\\\/matholding.com\\\/ca\\\/\",\"name\":\"MatHolding\",\"description\":\"Soluciones Sostenibles para el Agua y la Agricultura\",\"potentialAction\":[{\"@type\":\"SearchAction\",\"target\":{\"@type\":\"EntryPoint\",\"urlTemplate\":\"https:\\\/\\\/matholding.com\\\/ca\\\/?s={search_term_string}\"},\"query-input\":{\"@type\":\"PropertyValueSpecification\",\"valueRequired\":true,\"valueName\":\"search_term_string\"}}],\"inLanguage\":\"ca\"}]}<\/script>\n<!-- \/ Yoast SEO plugin. -->","yoast_head_json":{"title":"Pol\u00edtica de privacitat - MatHolding","robots":{"index":"index","follow":"follow","max-snippet":"max-snippet:-1","max-image-preview":"max-image-preview:large","max-video-preview":"max-video-preview:-1"},"canonical":"https:\/\/matholding.com\/ca\/politica-de-privacitat\/","og_locale":"ca_ES","og_type":"article","og_title":"Pol\u00edtica de privacitat - MatHolding","og_description":"Protecci\u00f3 de dades de car\u00e0cter personal segons el RGPD MAT Holding, S.L., en aplicaci\u00f3 de la normativa vigent en mat\u00e8ria de protecci\u00f3 de dades de car\u00e0cter personal, informa que les dades personals recollides a trav\u00e9s dels formularis del lloc web: https:\/\/matholding.com\/, s&#8217;inclouen en fitxers automatitzats espec\u00edfics d&#8217;usuaris dels serveis de MAT Holding, S.L. La recollida &hellip; Continued","og_url":"https:\/\/matholding.com\/ca\/politica-de-privacitat\/","og_site_name":"MatHolding","article_modified_time":"2025-05-29T16:56:01+00:00","twitter_card":"summary_large_image","twitter_misc":{"Est. reading time":"6 minutes"},"schema":{"@context":"https:\/\/schema.org","@graph":[{"@type":"WebPage","@id":"https:\/\/matholding.com\/ca\/politica-de-privacitat\/","url":"https:\/\/matholding.com\/ca\/politica-de-privacitat\/","name":"Pol\u00edtica de privacitat - MatHolding","isPartOf":{"@id":"https:\/\/matholding.com\/ca\/#website"},"datePublished":"2025-04-09T13:04:09+00:00","dateModified":"2025-05-29T16:56:01+00:00","breadcrumb":{"@id":"https:\/\/matholding.com\/ca\/politica-de-privacitat\/#breadcrumb"},"inLanguage":"ca","potentialAction":[{"@type":"ReadAction","target":["https:\/\/matholding.com\/ca\/politica-de-privacitat\/"]}]},{"@type":"BreadcrumbList","@id":"https:\/\/matholding.com\/ca\/politica-de-privacitat\/#breadcrumb","itemListElement":[{"@type":"ListItem","position":1,"name":"Inicio","item":"https:\/\/matholding.com\/ca\/"},{"@type":"ListItem","position":2,"name":"Pol\u00edtica de privacitat"}]},{"@type":"WebSite","@id":"https:\/\/matholding.com\/ca\/#website","url":"https:\/\/matholding.com\/ca\/","name":"MatHolding","description":"Soluciones Sostenibles para el Agua y la Agricultura","potentialAction":[{"@type":"SearchAction","target":{"@type":"EntryPoint","urlTemplate":"https:\/\/matholding.com\/ca\/?s={search_term_string}"},"query-input":{"@type":"PropertyValueSpecification","valueRequired":true,"valueName":"search_term_string"}}],"inLanguage":"ca"}]}},"_links":{"self":[{"href":"https:\/\/matholding.com\/ca\/wp-json\/wp\/v2\/pages\/790","targetHints":{"allow":["GET"]}}],"collection":[{"href":"https:\/\/matholding.com\/ca\/wp-json\/wp\/v2\/pages"}],"about":[{"href":"https:\/\/matholding.com\/ca\/wp-json\/wp\/v2\/types\/page"}],"author":[{"embeddable":true,"href":"https:\/\/matholding.com\/ca\/wp-json\/wp\/v2\/users\/1"}],"replies":[{"embeddable":true,"href":"https:\/\/matholding.com\/ca\/wp-json\/wp\/v2\/comments?post=790"}],"version-history":[{"count":3,"href":"https:\/\/matholding.com\/ca\/wp-json\/wp\/v2\/pages\/790\/revisions"}],"predecessor-version":[{"id":872,"href":"https:\/\/matholding.com\/ca\/wp-json\/wp\/v2\/pages\/790\/revisions\/872"}],"wp:attachment":[{"href":"https:\/\/matholding.com\/ca\/wp-json\/wp\/v2\/media?parent=790"}],"curies":[{"name":"wp","href":"https:\/\/api.w.org\/{rel}","templated":true}]}}