{"id":791,"date":"2025-05-06T12:48:43","date_gmt":"2025-05-06T10:48:43","guid":{"rendered":"https:\/\/matholding.com\/aviso-legal\/"},"modified":"2025-05-29T18:54:59","modified_gmt":"2025-05-29T16:54:59","slug":"avis-legal","status":"publish","type":"page","link":"https:\/\/matholding.com\/ca\/avis-legal\/","title":{"rendered":"Av\u00eds legal"},"content":{"rendered":"\n<h2 class=\"wp-block-heading\">1. <strong>Dades identificatives<\/strong><\/h2>\n\n\n\n<p>L\u2019empresa titular del domini web \u00e9s Mat Investment Holding S.L. (d\u2019ara endavant, \u201c<strong>MatHolding<\/strong>\u201d), amb domicili a aquests efectes a C\/Garb\u00ed, 3 \u2013 Pol. Ind. Can Volart, 08150, Parets del Vall\u00e8s, Barcelona, n\u00famero de CIF: B60024353, inscrita al Registre Mercantil de Barcelona, Tom 22271, foli 220, full n\u00fam. B-34011, inscripci\u00f3 7a. Correu electr\u00f2nic de contacte: <a href=\"mailto:info@matholding.com\">info@matholding.com<\/a>.&nbsp;<\/p>\n\n\n\n<h2 class=\"wp-block-heading\">2. Usuaris<\/h2>\n\n\n\n<p>L\u2019acc\u00e9s i\/o \u00fas d\u2019aquest portal de MatHolding atribueix la condici\u00f3 d\u2019USUAR<strong>I<\/strong>, que accepta, des d\u2019aquest acc\u00e9s i\/o \u00fas, les CondicionsGeneralsd\u2019\u00das aqu\u00ed reflectides. Les esmentades condicions s\u2019aplicaran amb independ\u00e8ncia de les CondicionsGenerals de Contractaci\u00f3 que, si escau, siguin d\u2019obligat compliment.<br><\/p>\n\n\n\n<h2 class=\"wp-block-heading\">3. \u00das del portal<\/h2>\n\n\n\n<p>El lloc web <a href=\"http:\/\/www.matholding.com\">www.matholding.com<\/a> proporciona acc\u00e9s a m\u00faltiples informacions, serveis, programes o dades (d\u2019ara endavant, \u201cels continguts\u201d) a Internet que pertanyen a MatHolding o als seus llicenciadors, als quals l\u2019USUARI pot tenir acc\u00e9s. L\u2019USUARI assumeix la responsabilitat de l\u2019\u00fas del portal. Aquesta responsabilitat s\u2019est\u00e9n al registre que, si escau, sigui necessari per accedir a determinats serveis o continguts. En aquest registre, l\u2019USUARI ser\u00e0 responsable d\u2019aportar informaci\u00f3 vera\u00e7 i l\u00edcita.<\/p>\n\n\n\n<p>L\u2019USUARI es compromet a fer un \u00fas adequat dels continguts i serveis que l\u2019empresa creadora del lloc web ofereix a trav\u00e9s del seu portal i, amb car\u00e0cter enunciatiu per\u00f2 no limitatiu, a no utilitzar-los per a: (i) dur a terme activitats il\u00b7l\u00edcites, il\u00b7legals o contr\u00e0ries a la bona fe i a l\u2019ordre p\u00fablic; (ii) provocar danys en els sistemes f\u00edsics i l\u00f2gics de MatHolding, dels seus prove\u00efdors o de terceres persones, introduir o difondre a la xarxa virus inform\u00e0tics o qualsevol altre sistema f\u00edsic o l\u00f2gic que pugui provocar els danys esmentats anteriorment; (iii) intentar accedir i, si escau, utilitzar els comptes de correu electr\u00f2nic d\u2019altres usuaris i modificar o manipular els seus missatges.<\/p>\n\n\n\n<p>MatHolding adopta les mesures t\u00e8cniques i organitzatives necess\u00e0ries per garantir la protecci\u00f3 de les dades de car\u00e0cter personal i evitar-ne l\u2019alteraci\u00f3, p\u00e8rdua, tractament i\/o acc\u00e9s no autoritzat, d\u2019acord amb l\u2019estat de la t\u00e8cnica, la valoraci\u00f3 dels riscos i la tipologia de dades.<\/p>\n","protected":false},"excerpt":{"rendered":"<p>1. Dades identificatives L\u2019empresa titular del domini web \u00e9s Mat Investment Holding S.L. (d\u2019ara endavant, \u201cMatHolding\u201d), amb domicili a aquests efectes a C\/Garb\u00ed, 3 \u2013 Pol. Ind. Can Volart, 08150, Parets del Vall\u00e8s, Barcelona, n\u00famero de CIF: B60024353, inscrita al Registre Mercantil de Barcelona, Tom 22271, foli 220, full n\u00fam. B-34011, inscripci\u00f3 7a. Correu electr\u00f2nic &hellip; <a href=\"https:\/\/matholding.com\/ca\/avis-legal\/\">Continued<\/a><\/p>\n","protected":false},"author":1,"featured_media":0,"parent":0,"menu_order":0,"comment_status":"closed","ping_status":"closed","template":"template-legal.blade.php","meta":{"_acf_changed":false,"footnotes":""},"class_list":["post-791","page","type-page","status-publish","hentry"],"acf":[],"yoast_head":"<!-- This site is optimized with the Yoast SEO plugin v27.3 - https:\/\/yoast.com\/product\/yoast-seo-wordpress\/ -->\n<title>Av\u00eds legal - MatHolding<\/title>\n<meta name=\"robots\" content=\"index, follow, max-snippet:-1, max-image-preview:large, max-video-preview:-1\" \/>\n<link rel=\"canonical\" href=\"https:\/\/matholding.com\/ca\/avis-legal\/\" \/>\n<meta property=\"og:locale\" content=\"ca_ES\" \/>\n<meta property=\"og:type\" content=\"article\" \/>\n<meta property=\"og:title\" content=\"Av\u00eds legal - MatHolding\" \/>\n<meta property=\"og:description\" content=\"1. Dades identificatives L\u2019empresa titular del domini web \u00e9s Mat Investment Holding S.L. (d\u2019ara endavant, \u201cMatHolding\u201d), amb domicili a aquests efectes a C\/Garb\u00ed, 3 \u2013 Pol. Ind. Can Volart, 08150, Parets del Vall\u00e8s, Barcelona, n\u00famero de CIF: B60024353, inscrita al Registre Mercantil de Barcelona, Tom 22271, foli 220, full n\u00fam. B-34011, inscripci\u00f3 7a. Correu electr\u00f2nic &hellip; Continued\" \/>\n<meta property=\"og:url\" content=\"https:\/\/matholding.com\/ca\/avis-legal\/\" \/>\n<meta property=\"og:site_name\" content=\"MatHolding\" \/>\n<meta property=\"article:modified_time\" content=\"2025-05-29T16:54:59+00:00\" \/>\n<meta name=\"twitter:card\" content=\"summary_large_image\" \/>\n<meta name=\"twitter:label1\" content=\"Est. reading time\" \/>\n\t<meta name=\"twitter:data1\" content=\"2 minutes\" \/>\n<script type=\"application\/ld+json\" class=\"yoast-schema-graph\">{\"@context\":\"https:\\\/\\\/schema.org\",\"@graph\":[{\"@type\":\"WebPage\",\"@id\":\"https:\\\/\\\/matholding.com\\\/ca\\\/avis-legal\\\/\",\"url\":\"https:\\\/\\\/matholding.com\\\/ca\\\/avis-legal\\\/\",\"name\":\"Av\u00eds legal - MatHolding\",\"isPartOf\":{\"@id\":\"https:\\\/\\\/matholding.com\\\/ca\\\/#website\"},\"datePublished\":\"2025-05-06T10:48:43+00:00\",\"dateModified\":\"2025-05-29T16:54:59+00:00\",\"breadcrumb\":{\"@id\":\"https:\\\/\\\/matholding.com\\\/ca\\\/avis-legal\\\/#breadcrumb\"},\"inLanguage\":\"ca\",\"potentialAction\":[{\"@type\":\"ReadAction\",\"target\":[\"https:\\\/\\\/matholding.com\\\/ca\\\/avis-legal\\\/\"]}]},{\"@type\":\"BreadcrumbList\",\"@id\":\"https:\\\/\\\/matholding.com\\\/ca\\\/avis-legal\\\/#breadcrumb\",\"itemListElement\":[{\"@type\":\"ListItem\",\"position\":1,\"name\":\"Inicio\",\"item\":\"https:\\\/\\\/matholding.com\\\/ca\\\/\"},{\"@type\":\"ListItem\",\"position\":2,\"name\":\"Av\u00eds legal\"}]},{\"@type\":\"WebSite\",\"@id\":\"https:\\\/\\\/matholding.com\\\/ca\\\/#website\",\"url\":\"https:\\\/\\\/matholding.com\\\/ca\\\/\",\"name\":\"MatHolding\",\"description\":\"Soluciones Sostenibles para el Agua y la Agricultura\",\"potentialAction\":[{\"@type\":\"SearchAction\",\"target\":{\"@type\":\"EntryPoint\",\"urlTemplate\":\"https:\\\/\\\/matholding.com\\\/ca\\\/?s={search_term_string}\"},\"query-input\":{\"@type\":\"PropertyValueSpecification\",\"valueRequired\":true,\"valueName\":\"search_term_string\"}}],\"inLanguage\":\"ca\"}]}<\/script>\n<!-- \/ Yoast SEO plugin. -->","yoast_head_json":{"title":"Av\u00eds legal - MatHolding","robots":{"index":"index","follow":"follow","max-snippet":"max-snippet:-1","max-image-preview":"max-image-preview:large","max-video-preview":"max-video-preview:-1"},"canonical":"https:\/\/matholding.com\/ca\/avis-legal\/","og_locale":"ca_ES","og_type":"article","og_title":"Av\u00eds legal - MatHolding","og_description":"1. Dades identificatives L\u2019empresa titular del domini web \u00e9s Mat Investment Holding S.L. (d\u2019ara endavant, \u201cMatHolding\u201d), amb domicili a aquests efectes a C\/Garb\u00ed, 3 \u2013 Pol. Ind. Can Volart, 08150, Parets del Vall\u00e8s, Barcelona, n\u00famero de CIF: B60024353, inscrita al Registre Mercantil de Barcelona, Tom 22271, foli 220, full n\u00fam. B-34011, inscripci\u00f3 7a. Correu electr\u00f2nic &hellip; Continued","og_url":"https:\/\/matholding.com\/ca\/avis-legal\/","og_site_name":"MatHolding","article_modified_time":"2025-05-29T16:54:59+00:00","twitter_card":"summary_large_image","twitter_misc":{"Est. reading time":"2 minutes"},"schema":{"@context":"https:\/\/schema.org","@graph":[{"@type":"WebPage","@id":"https:\/\/matholding.com\/ca\/avis-legal\/","url":"https:\/\/matholding.com\/ca\/avis-legal\/","name":"Av\u00eds legal - MatHolding","isPartOf":{"@id":"https:\/\/matholding.com\/ca\/#website"},"datePublished":"2025-05-06T10:48:43+00:00","dateModified":"2025-05-29T16:54:59+00:00","breadcrumb":{"@id":"https:\/\/matholding.com\/ca\/avis-legal\/#breadcrumb"},"inLanguage":"ca","potentialAction":[{"@type":"ReadAction","target":["https:\/\/matholding.com\/ca\/avis-legal\/"]}]},{"@type":"BreadcrumbList","@id":"https:\/\/matholding.com\/ca\/avis-legal\/#breadcrumb","itemListElement":[{"@type":"ListItem","position":1,"name":"Inicio","item":"https:\/\/matholding.com\/ca\/"},{"@type":"ListItem","position":2,"name":"Av\u00eds legal"}]},{"@type":"WebSite","@id":"https:\/\/matholding.com\/ca\/#website","url":"https:\/\/matholding.com\/ca\/","name":"MatHolding","description":"Soluciones Sostenibles para el Agua y la Agricultura","potentialAction":[{"@type":"SearchAction","target":{"@type":"EntryPoint","urlTemplate":"https:\/\/matholding.com\/ca\/?s={search_term_string}"},"query-input":{"@type":"PropertyValueSpecification","valueRequired":true,"valueName":"search_term_string"}}],"inLanguage":"ca"}]}},"_links":{"self":[{"href":"https:\/\/matholding.com\/ca\/wp-json\/wp\/v2\/pages\/791","targetHints":{"allow":["GET"]}}],"collection":[{"href":"https:\/\/matholding.com\/ca\/wp-json\/wp\/v2\/pages"}],"about":[{"href":"https:\/\/matholding.com\/ca\/wp-json\/wp\/v2\/types\/page"}],"author":[{"embeddable":true,"href":"https:\/\/matholding.com\/ca\/wp-json\/wp\/v2\/users\/1"}],"replies":[{"embeddable":true,"href":"https:\/\/matholding.com\/ca\/wp-json\/wp\/v2\/comments?post=791"}],"version-history":[{"count":4,"href":"https:\/\/matholding.com\/ca\/wp-json\/wp\/v2\/pages\/791\/revisions"}],"predecessor-version":[{"id":869,"href":"https:\/\/matholding.com\/ca\/wp-json\/wp\/v2\/pages\/791\/revisions\/869"}],"wp:attachment":[{"href":"https:\/\/matholding.com\/ca\/wp-json\/wp\/v2\/media?parent=791"}],"curies":[{"name":"wp","href":"https:\/\/api.w.org\/{rel}","templated":true}]}}