{"id":800,"date":"2025-05-06T12:48:21","date_gmt":"2025-05-06T10:48:21","guid":{"rendered":"https:\/\/matholding.com\/politica-de-cookies\/"},"modified":"2025-05-29T19:12:48","modified_gmt":"2025-05-29T17:12:48","slug":"politica-de-cookies","status":"publish","type":"page","link":"https:\/\/matholding.com\/ca\/politica-de-cookies\/","title":{"rendered":"Pol\u00edtica de galetes"},"content":{"rendered":"\n<p><strong>MAT Investment Holding, S.L.<\/strong> informa sobre l&#8217;\u00fas de les <em>cookies<\/em> al seu lloc web: <a href=\"https:\/\/matholding.com\/ca\/\">https:\/\/matholding.com\/<\/a><\/p>\n\n\n\n<h2 class=\"wp-block-heading\"><strong><strong>Qu\u00e8 s\u00f3n les galetes?<\/strong><\/strong><\/h2>\n\n\n\n<p>Les galetes (\u201c<strong><em>cookies<\/em><\/strong>\u201d) s\u00f3n fitxers que es poden descarregar al teu dispositiu a trav\u00e9s de les p\u00e0gines web. S\u00f3n eines essencials per a la prestaci\u00f3 de nombrosos serveis de la societat de la informaci\u00f3. Entre d\u2019altres, permeten a una p\u00e0gina web emmagatzemar i recuperar informaci\u00f3 sobre els h\u00e0bits de navegaci\u00f3 d\u2019un usuari o del seu equip i, depenent de la informaci\u00f3 obtinguda, es poden utilitzar per recon\u00e8ixer l\u2019usuari i millorar el servei ofert.<\/p>\n\n\n\n<h2 class=\"wp-block-heading\"><strong><strong>Tipus de galetes<\/strong><\/strong><\/h2>\n\n\n\n<p>Segons qui gestioni el domini des del qual s\u2019envien les <em>cookies<\/em> i tracti les dades obtingudes, es poden distingir dos tipus:<\/p>\n\n\n\n<ul class=\"wp-block-list\">\n<li><strong><em>Cookies <\/em><\/strong><strong>pr\u00f2pies<\/strong>: Les que s\u2019envien al dispositiu de l\u2019usuari des d\u2019un equip o domini gestionat pel propi editor i des del qual es presta el servei sol\u00b7licitat per l\u2019usuari.<\/li>\n\n\n\n<li><strong><em>Cookies <\/em><\/strong><strong>de tercers<\/strong>: Les que s\u2019envien al dispositiu de l\u2019usuari des d\u2019un equip o domini que no \u00e9s gestionat per l\u2019editor, sin\u00f3 per una altra entitat que tracta les dades obtingudes mitjan\u00e7ant les galetes.<\/li>\n<\/ul>\n\n\n\n<p>Si les <em>cookies <\/em>s\u00f3n instal\u00b7lades des d\u2019un equip o domini gestionat pel propi editor per\u00f2 la informaci\u00f3 que se n\u2019obt\u00e9 \u00e9s gestionada per un tercer, no poden considerar-se <em>cookies <\/em>pr\u00f2pies.<\/p>\n\n\n\n<p>Tamb\u00e9 hi ha una classificaci\u00f3 segons el temps que romanen emmagatzemades al navegador del client:<\/p>\n\n\n\n<ul class=\"wp-block-list\">\n<li><strong><em>Cookies <\/em><\/strong><strong>de sessi\u00f3<\/strong>: Dissenyades per recollir i emmagatzemar dades mentre l\u2019usuari accedeix a una p\u00e0gina web. S\u2019utilitzen per conservar informaci\u00f3 nom\u00e9s mentre dura la sessi\u00f3 (p. ex. una llista de productes adquirits).<\/li>\n\n\n\n<li><strong><em>Cookies <\/em>persistents<\/strong>: Les dades es mantenen al dispositiu i poden ser accedides i tractades durant un per\u00edode definit pel responsable de la <em>cookie<\/em>, que pot anar de minuts a diversos anys.<br><\/li>\n<\/ul>\n\n\n\n<p>Finalment, hi ha una classificaci\u00f3 segons la finalitat de les dades obtingudes:<br><\/p>\n\n\n\n<ul class=\"wp-block-list\">\n<li><strong><em>Cookies <\/em>t\u00e8cniques<\/strong>: Permeten a l\u2019usuari navegar per la p\u00e0gina web i utilitzar les diferents opcions o serveis existents (control del tr\u00e0nsit, acc\u00e9s a \u00e0rees restringides, realitzaci\u00f3 de compres, inscripcions, seguretat, etc.).<\/li>\n\n\n\n<li><strong><em>Cookies <\/em><\/strong><strong>de personalitzaci\u00f3<\/strong>: Permeten accedir al servei amb caracter\u00edstiques predefinides com l\u2019idioma, el tipus de navegador o la configuraci\u00f3 regional.<\/li>\n\n\n\n<li><strong><em>Cookies <\/em><\/strong><strong>d\u2019an\u00e0lisi<\/strong>: Permeten fer un seguiment i an\u00e0lisi del comportament dels usuaris, amb l\u2019objectiu de millorar el servei en funci\u00f3 de l\u2019\u00fas que fan.<\/li>\n\n\n\n<li><strong><em>Cookies <\/em><\/strong><strong>publicit\u00e0ries<\/strong>: Permeten gestionar de manera efica\u00e7 els espais publicitaris.<\/li>\n\n\n\n<li><strong><em>Cookies <\/em><\/strong><strong>de publicitat comportamental<\/strong>: Emmagatzemen informaci\u00f3 sobre els h\u00e0bits de navegaci\u00f3 per mostrar publicitat personalitzada.<\/li>\n\n\n\n<li><strong><em>Cookies<\/em>de xarxes socials externes<\/strong>: Permeten interactuar amb continguts de xarxes socials (<em>Facebook<\/em>, <em>YouTube<\/em>, <em>Twitter<\/em>, <em>LinkedIn<\/em>, etc.). L\u2019\u00fas i recollida d\u2019informaci\u00f3 est\u00e0 regulat per la pol\u00edtica de privacitat de cada xarxa.<\/li>\n<\/ul>\n\n\n\n<p><\/p>\n\n\n\n<h2 class=\"wp-block-heading\"><strong>Desactivaci\u00f3 i eliminaci\u00f3 de <em>cookies<\/em><\/strong><br><\/h2>\n\n\n\n<p>Pots permetre, bloquejar o eliminar les <em>cookies <\/em>configurant les opcions del teu navegador. En desactivar <em>cookies<\/em>, alguns serveis podrien no estar operatius. Consulta el men\u00fa d\u2019ajuda del teu navegador per saber com fer-ho.<\/p>\n\n\n\n<p>Enlla\u00e7os \u00fatils segons navegador:<\/p>\n\n\n\n<ul class=\"wp-block-list\">\n<li><strong>Internet Explorer\/Microsoft Edge<\/strong>: <a href=\"http:\/\/windows.microsoft.com\/es-es\/windows-vista\/Block-or-allow-cookies\">http:\/\/windows.microsoft.com\/es-es\/windows-vista\/Block-or-allow-<em>cookies<\/em><\/a><\/li>\n\n\n\n<li><strong>Mozilla Firefox<\/strong>: <a href=\"http:\/\/support.mozilla.org\/es\/kb\/impedir-que-los-sitios-web-guarden-sus-preferencia\">http:\/\/support.mozilla.org\/es\/kb\/impedir-que-los-sitios-web-guarden-sus-preferencia<\/a><\/li>\n\n\n\n<li><strong>Chrome<\/strong>: <a href=\"https:\/\/support.google.com\/accounts\/answer\/61416?hl=es\">https:\/\/support.google.com\/accounts\/answer\/61416?hl=es<\/a><\/li>\n\n\n\n<li><strong>Safari<\/strong>: <a href=\"http:\/\/safari.helpmax.net\/es\/privacidad-y-seguridad\/como-gestionar-las-cookies\/\">http:\/\/safari.helpmax.net\/es\/privacidad-y-seguridad\/como-gestionar-las-<em>cookies<\/em>\/<\/a><\/li>\n\n\n\n<li><strong>Opera<\/strong>: <a href=\"http:\/\/help.opera.com\/Linux\/10.60\/es-ES\/cookies.html\">http:\/\/help.opera.com\/Linux\/10.60\/es-ES\/<em>cookies<\/em>.html<\/a><\/li>\n<\/ul>\n\n\n\n<p>Tamb\u00e9 pots gestionar les <em>cookies <\/em>amb eines com:<\/p>\n\n\n\n<ul class=\"wp-block-list\">\n<li><a href=\"https:\/\/www.ghostery.com\">Ghostery<\/a><\/li>\n\n\n\n<li><a href=\"https:\/\/www.youronlinechoices.com\/es\/\">Your Online Choices<\/a><\/li>\n<\/ul>\n\n\n\n<p><strong><em>Cookies <\/em><\/strong><strong>utilitzades a <\/strong><a href=\"https:\/\/matholding.com\/ca\/\"><strong>https:\/\/matholding.com\/<\/strong><\/a><\/p>\n\n\n\n<p>S\u2019identifiquen les <em>cookies <\/em>utilitzades en aquest portal:<\/p>\n\n\n\n<ul class=\"wp-block-list\">\n<li><strong>_ga<\/strong>\n<ul class=\"wp-block-list\">\n<li><strong>Durada<\/strong>: 2 anys<\/li>\n\n\n\n<li><strong>Descripci\u00f3<\/strong>: Identifica usuaris \u00fanics. Generada per Google Analytics.<\/li>\n\n\n\n<li><strong>Tipus<\/strong>: Tercers<\/li>\n\n\n\n<li><strong>Finalitat<\/strong>: Anal\u00edtica<\/li>\n<\/ul>\n<\/li>\n\n\n\n<li><strong>_gid<\/strong>\n<ul class=\"wp-block-list\">\n<li><strong>Durada<\/strong>: 24 hores<\/li>\n\n\n\n<li><strong>Descripci\u00f3<\/strong>: Generada per Google Analytics.<\/li>\n\n\n\n<li><strong>Tipus<\/strong>: Tercers<\/li>\n\n\n\n<li><strong>Finalitat<\/strong>: Anal\u00edtica<\/li>\n<\/ul>\n<\/li>\n\n\n\n<li><strong>_gat<\/strong>\n<ul class=\"wp-block-list\">\n<li><strong>Durada<\/strong>: 1 minut<\/li>\n\n\n\n<li><strong>Descripci\u00f3<\/strong>: Per mostrar publicitat en altres p\u00e0gines de la xarxa de Google.<\/li>\n\n\n\n<li><strong>Tipus<\/strong>: Tercers<\/li>\n\n\n\n<li><strong>Finalitat<\/strong>: Anal\u00edtica<\/li>\n<\/ul>\n<\/li>\n\n\n\n<li><strong>pll_language<\/strong>\n<ul class=\"wp-block-list\">\n<li><strong>Durada<\/strong>: 1 any<\/li>\n\n\n\n<li><strong>Descripci\u00f3<\/strong>: Emmagatzema la configuraci\u00f3 d\u2019idioma.<\/li>\n\n\n\n<li><strong>Tipus<\/strong>: Pr\u00f2pia<\/li>\n\n\n\n<li><strong>Finalitat<\/strong>: Personalitzaci\u00f3<\/li>\n<\/ul>\n<\/li>\n\n\n\n<li><strong>cookielawinfo-checkbox-necessary<\/strong>\n<ul class=\"wp-block-list\">\n<li><strong>Durada<\/strong>: 1 any<\/li>\n\n\n\n<li><strong>Descripci\u00f3<\/strong>: Galeta establerta pel complement GDPR Cookie Consent.<\/li>\n\n\n\n<li><strong>Tipus<\/strong>: Pr\u00f2pia<\/li>\n\n\n\n<li><strong>Finalitat<\/strong>: T\u00e8cnica<\/li>\n<\/ul>\n<\/li>\n\n\n\n<li><strong>cookielawinfo-checkbox-advertisement<\/strong>\n<ul class=\"wp-block-list\">\n<li><strong>Durada<\/strong>: 1 any<\/li>\n\n\n\n<li><strong>Descripci\u00f3<\/strong>: Registra el consentiment per <em>cookies <\/em>de publicitat.<\/li>\n\n\n\n<li><strong>Tipus<\/strong>: Pr\u00f2pia<\/li>\n\n\n\n<li><strong>Finalitat<\/strong>: T\u00e8cnica<\/li>\n<\/ul>\n<\/li>\n\n\n\n<li><strong>cookielawinfo-checkbox-analytics<\/strong>\n<ul class=\"wp-block-list\">\n<li><strong>Durada<\/strong>: 1 any<\/li>\n\n\n\n<li><strong>Descripci\u00f3<\/strong>: Registra el consentiment per <em>cookies <\/em>anal\u00edtiques.<\/li>\n\n\n\n<li><strong>Tipus<\/strong>: Pr\u00f2pia<\/li>\n\n\n\n<li><strong>Finalitat<\/strong>: T\u00e8cnica<\/li>\n<\/ul>\n<\/li>\n\n\n\n<li><strong>cookielawinfo-checkbox-functional<\/strong>\n<ul class=\"wp-block-list\">\n<li><strong>Durada<\/strong>: 1 any<\/li>\n\n\n\n<li><strong>Descripci\u00f3<\/strong>: Registra el consentiment per <em>cookies <\/em>funcionals.<\/li>\n\n\n\n<li><strong>Tipus<\/strong>: Pr\u00f2pia<\/li>\n\n\n\n<li><strong>Finalitat<\/strong>: T\u00e8cnica<\/li>\n<\/ul>\n<\/li>\n\n\n\n<li><strong>cookielawinfo-checkbox-others<\/strong>\n<ul class=\"wp-block-list\">\n<li><strong>Durada<\/strong>: 1 any<\/li>\n\n\n\n<li><strong>Descripci\u00f3<\/strong>: Registra el consentiment per altres<em> cookies<\/em>.<\/li>\n\n\n\n<li><strong>Tipus<\/strong>: Pr\u00f2pia<\/li>\n\n\n\n<li><strong>Finalitat<\/strong>: T\u00e8cnica<\/li>\n<\/ul>\n<\/li>\n\n\n\n<li><strong>cookielawinfo-checkbox-performance<\/strong>\n<ul class=\"wp-block-list\">\n<li><strong>Durada<\/strong>: 1 any<\/li>\n\n\n\n<li><strong>Descripci\u00f3<\/strong>: Registra el consentiment per <em>cookies <\/em>de rendiment.<\/li>\n\n\n\n<li><strong>Tipus<\/strong>: Pr\u00f2pia<\/li>\n\n\n\n<li><strong>Finalitat<\/strong>: T\u00e8cnica<\/li>\n<\/ul>\n<\/li>\n\n\n\n<li><strong>CookieLawInfoConsent<\/strong>\n<ul class=\"wp-block-list\">\n<li><strong>Durada<\/strong>: 1 any<\/li>\n\n\n\n<li><strong>Descripci\u00f3<\/strong>:<em> Cookie<\/em> que emmagatzema el consentiment per a <em>cookies <\/em>\u00abno necess\u00e0ries\u00bb.<\/li>\n\n\n\n<li><strong>Tipus<\/strong>: Pr\u00f2pia<\/li>\n\n\n\n<li><strong>Finalitat<\/strong>: T\u00e8cnica<\/li>\n<\/ul>\n<\/li>\n\n\n\n<li><strong>viewed_cookie_policy<\/strong>\n<ul class=\"wp-block-list\">\n<li><strong>Durada<\/strong>: 1 any<\/li>\n\n\n\n<li><strong>Descripci\u00f3<\/strong>: <em>Cookie<\/em> interna per al funcionament de la visualitzaci\u00f3 de la pol\u00edtica de <em>cookies<\/em>.<\/li>\n\n\n\n<li><strong>Tipus<\/strong>: Pr\u00f2pia<\/li>\n\n\n\n<li><strong>Finalitat<\/strong>: T\u00e8cnica<\/li>\n<\/ul>\n<\/li>\n<\/ul>\n\n\n\n<p><\/p>\n\n\n\n<h2 class=\"wp-block-heading\"><strong>Visualitzaci\u00f3 i configuraci\u00f3<\/strong><\/h2>\n\n\n\n<p><a href=\"https:\/\/matholding.com\/ca\/\">https:\/\/matholding.com\/<\/a> mostra informaci\u00f3 sobre la seva pol\u00edtica de <em>cookies <\/em>a la part superior o inferior de qualsevol p\u00e0gina amb cada inici de sessi\u00f3.<\/p>\n\n\n\n<p>Davant aquesta informaci\u00f3 es poden dur a terme les accions seg\u00fcents:<\/p>\n\n\n\n<ul class=\"wp-block-list\">\n<li><strong>Acceptar <\/strong><strong><em>cookies<\/em><\/strong>: No es tornar\u00e0 a mostrar aquest av\u00eds durant la sessi\u00f3 actual.<\/li>\n\n\n\n<li><strong>Modificar\/personalitzar la configuraci\u00f3<\/strong>: Pots obtenir m\u00e9s informaci\u00f3 sobre qu\u00e8 s\u00f3n les <em>cookies<\/em>, consultar la pol\u00edtica de <em>cookies <\/em>de <a href=\"https:\/\/matholding.com\/ca\/\">https:\/\/matholding.com\/<\/a> i modificar la configuraci\u00f3 del navegador.<\/li>\n<\/ul>\n","protected":false},"excerpt":{"rendered":"<p>MAT Investment Holding, S.L. informa sobre l&#8217;\u00fas de les cookies al seu lloc web: https:\/\/matholding.com\/ Qu\u00e8 s\u00f3n les galetes? Les galetes (\u201ccookies\u201d) s\u00f3n fitxers que es poden descarregar al teu dispositiu a trav\u00e9s de les p\u00e0gines web. S\u00f3n eines essencials per a la prestaci\u00f3 de nombrosos serveis de la societat de la informaci\u00f3. Entre d\u2019altres, &hellip; <a href=\"https:\/\/matholding.com\/ca\/politica-de-cookies\/\">Continued<\/a><\/p>\n","protected":false},"author":1,"featured_media":0,"parent":0,"menu_order":0,"comment_status":"closed","ping_status":"closed","template":"template-legal.blade.php","meta":{"_acf_changed":false,"footnotes":""},"class_list":["post-800","page","type-page","status-publish","hentry"],"acf":[],"yoast_head":"<!-- This site is optimized with the Yoast SEO plugin v27.3 - https:\/\/yoast.com\/product\/yoast-seo-wordpress\/ -->\n<title>Pol\u00edtica de galetes - MatHolding<\/title>\n<meta name=\"robots\" content=\"index, follow, max-snippet:-1, max-image-preview:large, max-video-preview:-1\" \/>\n<link rel=\"canonical\" href=\"https:\/\/matholding.com\/ca\/politica-de-cookies\/\" \/>\n<meta property=\"og:locale\" content=\"ca_ES\" \/>\n<meta property=\"og:type\" content=\"article\" \/>\n<meta property=\"og:title\" content=\"Pol\u00edtica de galetes - MatHolding\" \/>\n<meta property=\"og:description\" content=\"MAT Investment Holding, S.L. informa sobre l&#8217;\u00fas de les cookies al seu lloc web: https:\/\/matholding.com\/ Qu\u00e8 s\u00f3n les galetes? Les galetes (\u201ccookies\u201d) s\u00f3n fitxers que es poden descarregar al teu dispositiu a trav\u00e9s de les p\u00e0gines web. S\u00f3n eines essencials per a la prestaci\u00f3 de nombrosos serveis de la societat de la informaci\u00f3. Entre d\u2019altres, &hellip; Continued\" \/>\n<meta property=\"og:url\" content=\"https:\/\/matholding.com\/ca\/politica-de-cookies\/\" \/>\n<meta property=\"og:site_name\" content=\"MatHolding\" \/>\n<meta property=\"article:modified_time\" content=\"2025-05-29T17:12:48+00:00\" \/>\n<meta name=\"twitter:card\" content=\"summary_large_image\" \/>\n<meta name=\"twitter:label1\" content=\"Est. reading time\" \/>\n\t<meta name=\"twitter:data1\" content=\"4 minutes\" \/>\n<script type=\"application\/ld+json\" class=\"yoast-schema-graph\">{\"@context\":\"https:\\\/\\\/schema.org\",\"@graph\":[{\"@type\":\"WebPage\",\"@id\":\"https:\\\/\\\/matholding.com\\\/ca\\\/politica-de-cookies\\\/\",\"url\":\"https:\\\/\\\/matholding.com\\\/ca\\\/politica-de-cookies\\\/\",\"name\":\"Pol\u00edtica de galetes - MatHolding\",\"isPartOf\":{\"@id\":\"https:\\\/\\\/matholding.com\\\/ca\\\/#website\"},\"datePublished\":\"2025-05-06T10:48:21+00:00\",\"dateModified\":\"2025-05-29T17:12:48+00:00\",\"breadcrumb\":{\"@id\":\"https:\\\/\\\/matholding.com\\\/ca\\\/politica-de-cookies\\\/#breadcrumb\"},\"inLanguage\":\"ca\",\"potentialAction\":[{\"@type\":\"ReadAction\",\"target\":[\"https:\\\/\\\/matholding.com\\\/ca\\\/politica-de-cookies\\\/\"]}]},{\"@type\":\"BreadcrumbList\",\"@id\":\"https:\\\/\\\/matholding.com\\\/ca\\\/politica-de-cookies\\\/#breadcrumb\",\"itemListElement\":[{\"@type\":\"ListItem\",\"position\":1,\"name\":\"Inicio\",\"item\":\"https:\\\/\\\/matholding.com\\\/ca\\\/\"},{\"@type\":\"ListItem\",\"position\":2,\"name\":\"Pol\u00edtica de galetes\"}]},{\"@type\":\"WebSite\",\"@id\":\"https:\\\/\\\/matholding.com\\\/ca\\\/#website\",\"url\":\"https:\\\/\\\/matholding.com\\\/ca\\\/\",\"name\":\"MatHolding\",\"description\":\"Soluciones Sostenibles para el Agua y la Agricultura\",\"potentialAction\":[{\"@type\":\"SearchAction\",\"target\":{\"@type\":\"EntryPoint\",\"urlTemplate\":\"https:\\\/\\\/matholding.com\\\/ca\\\/?s={search_term_string}\"},\"query-input\":{\"@type\":\"PropertyValueSpecification\",\"valueRequired\":true,\"valueName\":\"search_term_string\"}}],\"inLanguage\":\"ca\"}]}<\/script>\n<!-- \/ Yoast SEO plugin. -->","yoast_head_json":{"title":"Pol\u00edtica de galetes - MatHolding","robots":{"index":"index","follow":"follow","max-snippet":"max-snippet:-1","max-image-preview":"max-image-preview:large","max-video-preview":"max-video-preview:-1"},"canonical":"https:\/\/matholding.com\/ca\/politica-de-cookies\/","og_locale":"ca_ES","og_type":"article","og_title":"Pol\u00edtica de galetes - MatHolding","og_description":"MAT Investment Holding, S.L. informa sobre l&#8217;\u00fas de les cookies al seu lloc web: https:\/\/matholding.com\/ Qu\u00e8 s\u00f3n les galetes? Les galetes (\u201ccookies\u201d) s\u00f3n fitxers que es poden descarregar al teu dispositiu a trav\u00e9s de les p\u00e0gines web. S\u00f3n eines essencials per a la prestaci\u00f3 de nombrosos serveis de la societat de la informaci\u00f3. Entre d\u2019altres, &hellip; Continued","og_url":"https:\/\/matholding.com\/ca\/politica-de-cookies\/","og_site_name":"MatHolding","article_modified_time":"2025-05-29T17:12:48+00:00","twitter_card":"summary_large_image","twitter_misc":{"Est. reading time":"4 minutes"},"schema":{"@context":"https:\/\/schema.org","@graph":[{"@type":"WebPage","@id":"https:\/\/matholding.com\/ca\/politica-de-cookies\/","url":"https:\/\/matholding.com\/ca\/politica-de-cookies\/","name":"Pol\u00edtica de galetes - MatHolding","isPartOf":{"@id":"https:\/\/matholding.com\/ca\/#website"},"datePublished":"2025-05-06T10:48:21+00:00","dateModified":"2025-05-29T17:12:48+00:00","breadcrumb":{"@id":"https:\/\/matholding.com\/ca\/politica-de-cookies\/#breadcrumb"},"inLanguage":"ca","potentialAction":[{"@type":"ReadAction","target":["https:\/\/matholding.com\/ca\/politica-de-cookies\/"]}]},{"@type":"BreadcrumbList","@id":"https:\/\/matholding.com\/ca\/politica-de-cookies\/#breadcrumb","itemListElement":[{"@type":"ListItem","position":1,"name":"Inicio","item":"https:\/\/matholding.com\/ca\/"},{"@type":"ListItem","position":2,"name":"Pol\u00edtica de galetes"}]},{"@type":"WebSite","@id":"https:\/\/matholding.com\/ca\/#website","url":"https:\/\/matholding.com\/ca\/","name":"MatHolding","description":"Soluciones Sostenibles para el Agua y la Agricultura","potentialAction":[{"@type":"SearchAction","target":{"@type":"EntryPoint","urlTemplate":"https:\/\/matholding.com\/ca\/?s={search_term_string}"},"query-input":{"@type":"PropertyValueSpecification","valueRequired":true,"valueName":"search_term_string"}}],"inLanguage":"ca"}]}},"_links":{"self":[{"href":"https:\/\/matholding.com\/ca\/wp-json\/wp\/v2\/pages\/800","targetHints":{"allow":["GET"]}}],"collection":[{"href":"https:\/\/matholding.com\/ca\/wp-json\/wp\/v2\/pages"}],"about":[{"href":"https:\/\/matholding.com\/ca\/wp-json\/wp\/v2\/types\/page"}],"author":[{"embeddable":true,"href":"https:\/\/matholding.com\/ca\/wp-json\/wp\/v2\/users\/1"}],"replies":[{"embeddable":true,"href":"https:\/\/matholding.com\/ca\/wp-json\/wp\/v2\/comments?post=800"}],"version-history":[{"count":2,"href":"https:\/\/matholding.com\/ca\/wp-json\/wp\/v2\/pages\/800\/revisions"}],"predecessor-version":[{"id":878,"href":"https:\/\/matholding.com\/ca\/wp-json\/wp\/v2\/pages\/800\/revisions\/878"}],"wp:attachment":[{"href":"https:\/\/matholding.com\/ca\/wp-json\/wp\/v2\/media?parent=800"}],"curies":[{"name":"wp","href":"https:\/\/api.w.org\/{rel}","templated":true}]}}